{"id":888,"date":"2020-03-23T22:24:24","date_gmt":"2020-03-23T23:54:21","guid":{"rendered":"http:\/\/balatoni-hajoberles.hu\/?post_type=product&#038;p=888"},"modified":"2022-08-31T13:39:22","modified_gmt":"2022-08-31T11:39:22","slug":"flaar-18","status":"publish","type":"product","link":"https:\/\/balatoni-hajoberles.hu\/en\/flaar-18\/","title":{"rendered":"Flaar 18"},"content":{"rendered":"<div class=\"row\"  id=\"row-1034036341\">\n\n\n\t<div id=\"col-568093038\" class=\"col medium-10 small-12 large-10\"  >\n\t\t\t\t<div class=\"col-inner\"  >\n\t\t\t\n\t\t\t\n\n<h2><span style=\"font-size: 160%;\">The Flaar 18<\/span><\/h2>\n<p class=\"alt-font\"><span style=\"color: #1e1e1e; font-size: 120%;\">The manufacturer's goal for the Flaar 18 was to design a modern sailboat that leverages all the benefits of the well-deserved pirate type. <span style=\"color: #ff3465;\">Racing performance with ease.<\/span><\/span><\/p>\n\n\t\t<\/div>\n\t\t\t\t\t<\/div>\n\n\t\n\n\t<div id=\"col-152859364\" class=\"col medium-2 small-12 large-2\"  >\n\t\t\t\t<div class=\"col-inner\"  >\n\t\t\t\n\t\t\t\n\n\n\t\t<\/div>\n\t\t\t\t\t<\/div>\n\n\t\n\n<\/div>\n<div class=\"row\"  id=\"row-999058568\">\n\n\n\t<div id=\"col-231431676\" class=\"col small-12 large-12\"  >\n\t\t\t\t<div class=\"col-inner\"  >\n\t\t\t\n\t\t\t\n\n\n  <div class=\"banner has-hover\" id=\"banner-1977645710\">\n          <div class=\"banner-inner fill\">\n        <div class=\"banner-bg fill\" >\n                        \t<div class=\"video-overlay no-click fill\"><\/div>\n\t<div id=\"ytplayer-962\" class=\"ux-youtube fill object-fit visible\" data-videoid=\"_ClLbxlCsjk\" data-loop=\"1\" data-audio=\"0\"><\/div>\n                        \n                    <\/div>\n\t\t\n        <div class=\"banner-layers container\">\n            <div class=\"fill banner-link\"><\/div>            \n\n   <div id=\"text-box-645819813\" class=\"text-box banner-layer x100 md-x100 lg-x100 y0 md-y0 lg-y0 res-text\">\n                                <div class=\"text-box-content text dark\">\n              \n              <div class=\"text-inner text-center\">\n                  \n\n<a href=\"https:\/\/www.youtube.com\/watch?v=_ClLbxlCsjk\" class=\"button white is-link\" >\n\t\t<span>\u25ba Play video with sound<\/span>\n\t<\/a>\n\n\n\n              <\/div>\n           <\/div>\n                            \n<style>\n#text-box-645819813 {\n  width: 30%;\n}\n#text-box-645819813 .text-box-content {\n  font-size: 100%;\n}\n<\/style>\n    <\/div>\n \n\n        <\/div>\n      <\/div>\n\n            \n<style>\n#banner-1977645710 {\n  padding-top: 56.25%;\n  background-color: rgb(255, 255, 255);\n}\n<\/style>\n  <\/div>\n\n\n\n\t\t<\/div>\n\t\t\t\t\t<\/div>\n\n\t\n\n<\/div>\n\t<div id=\"gap-972492095\" class=\"gap-element clearfix\" style=\"display:block; height:auto;\">\n\t\t\n<style>\n#gap-972492095 {\n  padding-top: 30px;\n}\n<\/style>\n\t<\/div>\n\t\n\n<div class=\"row\"  id=\"row-325116758\">\n\n\n\t<div id=\"col-2004666584\" class=\"col medium-6 small-12 large-6\"  >\n\t\t\t\t<div class=\"col-inner\"  >\n\t\t\t\n\t\t\t\n\n<h3><span style=\"font-size: 100%;\">Benevolent and safe<\/span><\/h3>\n<p>The Flaar 18 is a benign, safe and easy-to-use sailing boat, making it the perfect choice for beginners to learn or practice.<\/p>\n\n\t\t<\/div>\n\t\t\t\t\t<\/div>\n\n\t\n\n\t<div id=\"col-500440703\" class=\"col medium-6 small-12 large-6\"  >\n\t\t\t\t<div class=\"col-inner\"  >\n\t\t\t\n\t\t\t\n\n<h3><span style=\"font-size: 100%;\">Lightweight and stable<\/span><\/h3>\n<p>Lightweight construction and proper form stability allows it to deliver high performance. For well-trained teams, too.<\/p>\n\n\t\t<\/div>\n\t\t\t\t\t<\/div>\n\n\t\n\n<\/div>\n<div class=\"row row-collapse wb-boxed-block-description\"  id=\"row-731074961\">\n\n\n\t<div id=\"col-1795376598\" class=\"col medium-4 large-4\"  >\n\t\t\t\t<div class=\"col-inner text-center dark\"  >\n\t\t\t\n\t\t\t\n\n\t<div id=\"gap-2018087439\" class=\"gap-element clearfix\" style=\"display:block; height:auto;\">\n\t\t\n<style>\n#gap-2018087439 {\n  padding-top: 10px;\n}\n<\/style>\n\t<\/div>\n\t\n\n<h3 style=\"text-align: center;\"><span style=\"font-size: 80%;\">Is the boat booked? We solve it.<\/span><\/h3>\n\n\t\t<\/div>\n\t\t\t\t\n<style>\n#col-1795376598 > .col-inner {\n  padding: 10px 15px 0 15px;\n}\n<\/style>\n\t<\/div>\n\n\t\n\n\t<div id=\"col-1576519051\" class=\"col medium-8 large-8\"  >\n\t\t\t\t<div class=\"col-inner text-center\"  >\n\t\t\t\n\t\t\t\n\n\t<div id=\"gap-1534214852\" class=\"gap-element clearfix\" style=\"display:block; height:auto;\">\n\t\t\n<style>\n#gap-1534214852 {\n  padding-top: 15px;\n}\n<\/style>\n\t<\/div>\n\t\n\n<a href=\"tel:+36304529879\" class=\"button primary is-small call-click-cta\" >\n\t\t<span>Call! +36 30 452 9879<\/span>\n\t<\/a>\n\n\n<a href=\"\/en\/waiting-list\/\" class=\"button white is-outline is-small\" >\n\t\t<span>Apply for our waiting list<\/span>\n\t<\/a>\n\n\n\n\t\t<\/div>\n\t\t\t\t\n<style>\n#col-1576519051 > .col-inner {\n  padding: 0 25px 0 25px;\n}\n<\/style>\n\t<\/div>\n\n\t\n\n<\/div>\n\n\t<div id=\"gap-970785254\" class=\"gap-element clearfix\" style=\"display:block; height:auto;\">\n\t\t\n<style>\n#gap-970785254 {\n  padding-top: 30px;\n}\n<\/style>\n\t<\/div>\n\t\n\n<div class=\"row\"  id=\"row-2137924754\">\r\n\r\n\n\t<div id=\"col-59094386\" class=\"col medium-4 small-12 large-4\"  >\n\t\t\t\t<div class=\"col-inner\"  >\n\t\t\t\n\t\t\t\r\n\r\n<div data-src=\"https:\/\/cdn.trustindex.io\/loader.js?4291ca031a86861f685b619551\"><\/div>\r\n\r\n\t\t<\/div>\n\t\t\t\t\t<\/div>\n\n\t\r\n\n\t<div id=\"col-211633229\" class=\"col medium-4 small-12 large-4\"  >\n\t\t\t\t<div class=\"col-inner\"  >\n\t\t\t\n\t\t\t\r\n\r\n<p><div data-src=\"https:\/\/cdn.trustindex.io\/loader.js?09ee73731bfd8605475e210f8b\"><\/div><\/p>\r\n\r\n\t\t<\/div>\n\t\t\t\t\t<\/div>\n\n\t\r\n\n\t<div id=\"col-1200403729\" class=\"col medium-4 small-12 large-4\"  >\n\t\t\t\t<div class=\"col-inner\"  >\n\t\t\t\n\t\t\t\r\n\r\n<p><div data-src=\"https:\/\/cdn.trustindex.io\/loader.js?e3f2d0f3108c8627bd5197d529\"><\/div><\/p>\r\n\r\n\t\t<\/div>\n\t\t\t\t\t<\/div>\n\n\t\r\n\r\n<\/div>\n\n<div class=\"row\"  id=\"row-356692899\">\r\n\r\n\n\t<div id=\"col-1036771259\" class=\"col small-12 large-12\"  >\n\t\t\t\t<div class=\"col-inner\"  >\n\t\t\t\n\t\t\t\r\n\r\n<div data-src=\"https:\/\/cdn.trustindex.io\/loader.js?a1156c731568864fd253b29b4e\"><\/div>\r\n\r\n\t\t<\/div>\n\t\t\t\t\t<\/div>\n\n\t\r\n\r\n<\/div>\n\n\t<div id=\"gap-696483273\" class=\"gap-element clearfix\" style=\"display:block; height:auto;\">\n\t\t\n<style>\n#gap-696483273 {\n  padding-top: 30px;\n}\n<\/style>\n\t<\/div>\n\t\n\n<h2><span style=\"font-size: 160%;\">Flaar 18 Charter Prices<\/span><\/h2>\n<p>\n<table id=\"tablepress-11\" class=\"tablepress tablepress-id-11\">\n<thead>\n<tr class=\"row-1\">\n\t<th class=\"column-1\">Flaar 18<\/th><th class=\"column-2\">Weekdays \/ Day (Mo-Th)<\/th><th class=\"column-3\">Weekends \/ Day (Fr-Su)<\/th><th class=\"column-4\">Long Weekend (Fr 19:30h - Mo 8h)<\/th><th class=\"column-5\">5 Working Days (Mo-Fr)<\/th><th class=\"column-6\">Full Week<\/th>\n<\/tr>\n<\/thead>\n<tbody class=\"row-striping row-hover\">\n<tr class=\"row-2\">\n\t<td class=\"column-1\">April<\/td><td class=\"column-2\">80.000 Ft<\/td><td class=\"column-3\">80.000 Ft<\/td><td class=\"column-4\">240.000 Ft<\/td><td class=\"column-5\">400.000 Ft<\/td><td class=\"column-6\">560.000 Ft<\/td>\n<\/tr>\n<tr class=\"row-3\">\n\t<td class=\"column-1\">May<\/td><td class=\"column-2\">80.000 Ft<\/td><td class=\"column-3\">80.000 Ft<\/td><td class=\"column-4\">240.000 Ft<\/td><td class=\"column-5\">400.000 Ft<\/td><td class=\"column-6\">560.000 Ft<\/td>\n<\/tr>\n<tr class=\"row-4\">\n\t<td class=\"column-1\">June<\/td><td class=\"column-2\">80.000 Ft<\/td><td class=\"column-3\">80.000 Ft<\/td><td class=\"column-4\">240.000 Ft<\/td><td class=\"column-5\">400.000 Ft<\/td><td class=\"column-6\">560.000 Ft<\/td>\n<\/tr>\n<tr class=\"row-5\">\n\t<td class=\"column-1\">July<\/td><td class=\"column-2\">80.000 Ft<\/td><td class=\"column-3\">80.000 Ft<\/td><td class=\"column-4\">240.000 Ft<\/td><td class=\"column-5\">400.000 Ft<\/td><td class=\"column-6\">560.000 Ft<\/td>\n<\/tr>\n<tr class=\"row-6\">\n\t<td class=\"column-1\">August<\/td><td class=\"column-2\">80.000 Ft<\/td><td class=\"column-3\">80.000 Ft<\/td><td class=\"column-4\">240.000 Ft<\/td><td class=\"column-5\">400.000 Ft<\/td><td class=\"column-6\">560.000 Ft<\/td>\n<\/tr>\n<tr class=\"row-7\">\n\t<td class=\"column-1\">September<\/td><td class=\"column-2\">80.000 Ft<\/td><td class=\"column-3\">80.000 Ft<\/td><td class=\"column-4\">240.000 Ft<\/td><td class=\"column-5\">400.000 Ft<\/td><td class=\"column-6\">560.000 Ft<\/td>\n<\/tr>\n<tr class=\"row-8\">\n\t<td class=\"column-1\">October<\/td><td class=\"column-2\">80.000 Ft<\/td><td class=\"column-3\">80.000 Ft<\/td><td class=\"column-4\">240.000 Ft<\/td><td class=\"column-5\">400.000 Ft<\/td><td class=\"column-6\">560.000 Ft<\/td>\n<\/tr>\n<tr class=\"row-9\">\n\t<td class=\"column-1\">November<\/td><td class=\"column-2\">80.000 Ft<\/td><td class=\"column-3\">80.000 Ft<\/td><td class=\"column-4\">240.000 Ft<\/td><td class=\"column-5\">400.000 Ft<\/td><td class=\"column-6\">560.000 Ft<\/td>\n<\/tr>\n<\/tbody>\n<\/table>\n<!-- #tablepress-11 from cache --><\/p>\n\t<div id=\"gap-756850918\" class=\"gap-element clearfix\" style=\"display:block; height:auto;\">\n\t\t\n<style>\n#gap-756850918 {\n  padding-top: 15px;\n}\n<\/style>\n\t<\/div>\n\t\n\n<div class=\"row\"  id=\"row-980537202\">\r\n\r\n\n\t<div id=\"col-1142117708\" class=\"col medium-6 small-12 large-6\"  >\n\t\t\t\t<div class=\"col-inner\"  >\n\t\t\t\n\t\t\t\r\n\r\n<p><span style=\"font-size: 90%;\">Deposit: 100.000 Ft \u25cf Returning Customer Discount: 10% \u25cf Ship-cleanup fee for one-day rentals: 5.000 Ft \u25cf Genakker: 25.000 Ft \u25cf Captain's prize: 70.000 Ft \/ day<\/span><\/p>\r\n\r\n\r\n\t\t<\/div>\n\t\t\t\t\t<\/div>\n\n\t\r\n\n\t<div id=\"col-794448149\" class=\"col medium-6 small-12 large-6\"  >\n\t\t\t\t<div class=\"col-inner\"  >\n\t\t\t\n\t\t\t\r\n\r\n<p><span style=\"font-size: 90%;\">* In case of more days of renting, <a href=\"http:\/\/balatoni-hajoberles.hu\/en\/contact\/\">request for our individual offer!<\/a> \u25cf 50% of the booking fee will be paid in advance when the ship is booked, while the remaining 50% of the fee will be paid by transfer 10 days prior to the start of the rental.<\/span><\/p>\r\n\r\n\t\t<\/div>\n\t\t\t\t\t<\/div>\n\n\t\r\n\r\n<\/div>\n\n<div class=\"row\"  id=\"row-681196003\">\r\n\r\n\n\t<div id=\"col-69547036\" class=\"col medium-4 small-12 large-4\"  >\n\t\t\t\t<div class=\"col-inner text-center\"  >\n\t\t\t\n\t\t\t\r\n\r\n<div class=\"ux-logo has-hover align-middle ux_logo inline-block\" style=\"max-width: 100%!important; width: 90px!important\"><div class=\"ux-logo-link block image-\" title=\"\" href=\"\" style=\"padding: 15px;\"><img decoding=\"async\" src=\"https:\/\/balatoni-hajoberles.hu\/wp-content\/uploads\/2020\/02\/icon-weather.svg\" title=\"\" alt=\"\" class=\"ux-logo-image block\" style=\"height:60px;\" \/><\/div><\/div>\r\n\r\n<h3>Weather Guarantee<\/h3>\r\n<p>Is the weather unsafe for the day of your rental? You don't even have to worry about that. Learn more on <a href=\"http:\/\/balatoni-hajoberles.hu\/en\/terms\/\" target=\"_blank\" rel=\"noopener noreferrer\">Terms<\/a>.<\/p>\r\n\r\n\t\t<\/div>\n\t\t\t\t\t<\/div>\n\n\t\r\n\n\t<div id=\"col-1344633988\" class=\"col medium-4 small-12 large-4\"  >\n\t\t\t\t<div class=\"col-inner text-center\"  >\n\t\t\t\n\t\t\t\r\n\r\n<div class=\"ux-logo has-hover align-middle ux_logo inline-block\" style=\"max-width: 100%!important; width: 90px!important\"><div class=\"ux-logo-link block image-\" title=\"\" href=\"\" style=\"padding: 15px;\"><img decoding=\"async\" src=\"https:\/\/balatoni-hajoberles.hu\/wp-content\/uploads\/2020\/02\/icon-szechenyi-card.svg\" title=\"\" alt=\"\" class=\"ux-logo-image block\" style=\"height:60px;\" \/><\/div><\/div>\r\n\r\n<h3>Pay With Pihen\u0151k\u00e1rtya<\/h3>\r\n<p>As an official acceptance point, you can pay for your boat rental with OTP, K&amp;H, MKB Sz\u00e9chenyi Pihen\u0151k\u00e1rtya.<\/p>\r\n\r\n\t\t<\/div>\n\t\t\t\t\t<\/div>\n\n\t\r\n\n\t<div id=\"col-715956811\" class=\"col medium-4 small-12 large-4\"  >\n\t\t\t\t<div class=\"col-inner text-center\"  >\n\t\t\t\n\t\t\t\r\n\r\n<div class=\"ux-logo has-hover align-middle ux_logo inline-block\" style=\"max-width: 100%!important; width: 90px!important\"><div class=\"ux-logo-link block image-\" title=\"\" href=\"\" style=\"padding: 15px;\"><img decoding=\"async\" src=\"https:\/\/balatoni-hajoberles.hu\/wp-content\/uploads\/2020\/02\/icon-customer-service.svg\" title=\"\" alt=\"\" class=\"ux-logo-image block\" style=\"height:60px;\" \/><\/div><\/div>\r\n\r\n<h3>0-24 Call Service<\/h3>\r\n<p>You reach us by phone 24 hours a day, 7 days a week, so you can't have any problem unsolved.<\/p>\r\n\r\n\t\t<\/div>\n\t\t\t\t\t<\/div>\n\n\t\r\n\r\n<\/div>\n\n\t<div id=\"gap-1028394329\" class=\"gap-element clearfix\" style=\"display:block; height:auto;\">\n\t\t\n<style>\n#gap-1028394329 {\n  padding-top: 30px;\n}\n<\/style>\n\t<\/div>\n\t\n","protected":false},"excerpt":{"rendered":"<div class=\"row row-collapse wb-boxed-block wb-short-description-cta\"  id=\"row-1302603192\">\n\n\n\t<div id=\"col-1710492271\" class=\"col medium-1\/1 large-12\"  >\n\t\t\t\t<div class=\"col-inner dark\"  >\n\t\t\t\n\t\t\t\n\n<h2><span style=\"font-size: 60%;\">is the boat booked? We solve it.<\/span><\/h2>\n<a href=\"tel:+36304529879\" class=\"button primary is-small call-click-cta\" >\n\t\t<span>Call! +36 30 452 9879<\/span>\n\t<\/a>\n\n\n<a href=\"\/en\/waiting-list\/\" class=\"button white is-outline is-small\" >\n\t\t<span>Apply for our waiting list<\/span>\n\t<\/a>\n\n\n\n\t\t<\/div>\n\t\t\t\t\t<\/div>\n\n\t\n\n\n<style>\n#row-1302603192 > .col > .col-inner {\n  padding: 10px 20px 10px 20px;\n}\n<\/style>\n<\/div>\n","protected":false},"featured_media":891,"comment_status":"open","ping_status":"closed","template":"","meta":[],"product_brand":[],"product_cat":[41],"product_tag":[],"class_list":{"0":"post-888","1":"product","2":"type-product","3":"status-publish","4":"has-post-thumbnail","6":"product_cat-sport-boat-charter","8":"first","9":"instock","10":"sold-individually","11":"taxable","12":"shipping-taxable","13":"purchasable","14":"product-type-booking"},"booking_location":"","booking_location_type":"","booking_duration":1,"booking_duration_unit":"day","booking_buffer":0,"booking_cost":0,"booking_resources":[],"yoast_head":"<!-- This site is optimized with the Yoast SEO plugin v26.9 - https:\/\/yoast.com\/product\/yoast-seo-wordpress\/ -->\n<title>Flaar 18 - F\u00fcredyacht Charter<\/title>\n<meta name=\"description\" content=\"Flaar 18 sailboat charter booking on Lake Balaton. Weather Guarantee, 0\/24 Customer Service, Sz\u00e9chenyi Relaxation Card payment.\" \/>\n<meta name=\"robots\" content=\"index, follow, max-snippet:-1, max-image-preview:large, max-video-preview:-1\" \/>\n<link rel=\"canonical\" href=\"https:\/\/balatoni-hajoberles.hu\/en\/flaar-18\/\" \/>\n<meta property=\"og:locale\" content=\"en_US\" \/>\n<meta property=\"og:type\" content=\"article\" \/>\n<meta property=\"og:title\" content=\"Flaar 18 sailboat charter - F\u00fcredyacht Charter\" \/>\n<meta property=\"og:description\" content=\"Flaar 18 sailboat charter booking on Lake Balaton. Weather Guarantee, 0\/24 Customer Service, Sz\u00e9chenyi Relaxation Card payment.\" \/>\n<meta property=\"og:url\" content=\"https:\/\/balatoni-hajoberles.hu\/en\/flaar-18\/\" \/>\n<meta property=\"og:site_name\" content=\"F\u00fcredyacht Charter\" \/>\n<meta property=\"article:modified_time\" content=\"2022-08-31T11:39:22+00:00\" \/>\n<meta property=\"og:image\" content=\"https:\/\/balatoni-hajoberles.hu\/wp-content\/uploads\/2020\/03\/termekkep-e61-1.jpg\" \/>\n\t<meta property=\"og:image:width\" content=\"730\" \/>\n\t<meta property=\"og:image:height\" content=\"730\" \/>\n\t<meta property=\"og:image:type\" content=\"image\/jpeg\" \/>\n<meta name=\"twitter:card\" content=\"summary_large_image\" \/>\n<meta name=\"twitter:title\" content=\"Flaar 18 sailboat charter - F\u00fcredyacht Charter\" \/>\n<meta name=\"twitter:description\" content=\"Flaar 18 sailboat charter booking on Lake Balaton. Weather Guarantee, 0\/24 Customer Service, Sz\u00e9chenyi Relaxation Card payment.\" \/>\n<meta name=\"twitter:image\" content=\"http:\/\/balatoni-hajoberles.hu\/wp-content\/uploads\/2020\/03\/termekkep-e61-1.jpg\" \/>\n<script type=\"application\/ld+json\" class=\"yoast-schema-graph\">{\"@context\":\"https:\/\/schema.org\",\"@graph\":[{\"@type\":\"WebPage\",\"@id\":\"https:\/\/balatoni-hajoberles.hu\/en\/flaar-18\/\",\"url\":\"https:\/\/balatoni-hajoberles.hu\/en\/flaar-18\/\",\"name\":\"Flaar 18 - F\u00fcredyacht Charter\",\"isPartOf\":{\"@id\":\"https:\/\/balatoni-hajoberles.hu\/en\/#website\"},\"primaryImageOfPage\":{\"@id\":\"https:\/\/balatoni-hajoberles.hu\/en\/flaar-18\/#primaryimage\"},\"image\":{\"@id\":\"https:\/\/balatoni-hajoberles.hu\/en\/flaar-18\/#primaryimage\"},\"thumbnailUrl\":\"https:\/\/balatoni-hajoberles.hu\/wp-content\/uploads\/2020\/03\/flaar-181.jpg\",\"datePublished\":\"2020-03-23T23:54:21+00:00\",\"dateModified\":\"2022-08-31T11:39:22+00:00\",\"description\":\"Flaar 18 sailboat charter booking on Lake Balaton. Weather Guarantee, 0\/24 Customer Service, Sz\u00e9chenyi Relaxation Card payment.\",\"breadcrumb\":{\"@id\":\"https:\/\/balatoni-hajoberles.hu\/en\/flaar-18\/#breadcrumb\"},\"inLanguage\":\"en-US\",\"potentialAction\":[{\"@type\":\"ReadAction\",\"target\":[\"https:\/\/balatoni-hajoberles.hu\/en\/flaar-18\/\"]}]},{\"@type\":\"ImageObject\",\"inLanguage\":\"en-US\",\"@id\":\"https:\/\/balatoni-hajoberles.hu\/en\/flaar-18\/#primaryimage\",\"url\":\"https:\/\/balatoni-hajoberles.hu\/wp-content\/uploads\/2020\/03\/flaar-181.jpg\",\"contentUrl\":\"https:\/\/balatoni-hajoberles.hu\/wp-content\/uploads\/2020\/03\/flaar-181.jpg\",\"width\":730,\"height\":730,\"caption\":\"Flaar 18 charter | F\u00fcredyacht Charter\"},{\"@type\":\"BreadcrumbList\",\"@id\":\"https:\/\/balatoni-hajoberles.hu\/en\/flaar-18\/#breadcrumb\",\"itemListElement\":[{\"@type\":\"ListItem\",\"position\":1,\"name\":\"Home\",\"item\":\"https:\/\/balatoni-hajoberles.hu\/en\/\"},{\"@type\":\"ListItem\",\"position\":2,\"name\":\"Vitorl\u00e1s flott\u00e1nk\",\"item\":\"https:\/\/balatoni-hajoberles.hu\/vitorlas-flottank\/\"},{\"@type\":\"ListItem\",\"position\":3,\"name\":\"Flaar 18\"}]},{\"@type\":\"WebSite\",\"@id\":\"https:\/\/balatoni-hajoberles.hu\/en\/#website\",\"url\":\"https:\/\/balatoni-hajoberles.hu\/en\/\",\"name\":\"F\u00fcredyacht Charter\",\"description\":\"Online haj\u00f3b\u00e9rl\u00e9s, vitorl\u00e1sb\u00e9rl\u00e9s a Balatonon\",\"publisher\":{\"@id\":\"https:\/\/balatoni-hajoberles.hu\/en\/#organization\"},\"potentialAction\":[{\"@type\":\"SearchAction\",\"target\":{\"@type\":\"EntryPoint\",\"urlTemplate\":\"https:\/\/balatoni-hajoberles.hu\/en\/?s={search_term_string}\"},\"query-input\":{\"@type\":\"PropertyValueSpecification\",\"valueRequired\":true,\"valueName\":\"search_term_string\"}}],\"inLanguage\":\"en-US\"},{\"@type\":\"Organization\",\"@id\":\"https:\/\/balatoni-hajoberles.hu\/en\/#organization\",\"name\":\"F\u00fcredYacht Charter\",\"url\":\"https:\/\/balatoni-hajoberles.hu\/en\/\",\"logo\":{\"@type\":\"ImageObject\",\"inLanguage\":\"en-US\",\"@id\":\"https:\/\/balatoni-hajoberles.hu\/en\/#\/schema\/logo\/image\/\",\"url\":\"https:\/\/balatoni-hajoberles.hu\/wp-content\/uploads\/2020\/02\/wc-automail-logo.png\",\"contentUrl\":\"https:\/\/balatoni-hajoberles.hu\/wp-content\/uploads\/2020\/02\/wc-automail-logo.png\",\"width\":300,\"height\":70,\"caption\":\"F\u00fcredYacht Charter\"},\"image\":{\"@id\":\"https:\/\/balatoni-hajoberles.hu\/en\/#\/schema\/logo\/image\/\"}}]}<\/script>\n<!-- \/ Yoast SEO plugin. -->","yoast_head_json":{"title":"Flaar 18 - F\u00fcredyacht Charter","description":"Flaar 18 sailboat charter booking on Lake Balaton. Weather Guarantee, 0\/24 Customer Service, Sz\u00e9chenyi Relaxation Card payment.","robots":{"index":"index","follow":"follow","max-snippet":"max-snippet:-1","max-image-preview":"max-image-preview:large","max-video-preview":"max-video-preview:-1"},"canonical":"https:\/\/balatoni-hajoberles.hu\/en\/flaar-18\/","og_locale":"en_US","og_type":"article","og_title":"Flaar 18 sailboat charter - F\u00fcredyacht Charter","og_description":"Flaar 18 sailboat charter booking on Lake Balaton. Weather Guarantee, 0\/24 Customer Service, Sz\u00e9chenyi Relaxation Card payment.","og_url":"https:\/\/balatoni-hajoberles.hu\/en\/flaar-18\/","og_site_name":"F\u00fcredyacht Charter","article_modified_time":"2022-08-31T11:39:22+00:00","og_image":[{"width":730,"height":730,"url":"https:\/\/balatoni-hajoberles.hu\/wp-content\/uploads\/2020\/03\/termekkep-e61-1.jpg","type":"image\/jpeg"}],"twitter_card":"summary_large_image","twitter_title":"Flaar 18 sailboat charter - F\u00fcredyacht Charter","twitter_description":"Flaar 18 sailboat charter booking on Lake Balaton. Weather Guarantee, 0\/24 Customer Service, Sz\u00e9chenyi Relaxation Card payment.","twitter_image":"http:\/\/balatoni-hajoberles.hu\/wp-content\/uploads\/2020\/03\/termekkep-e61-1.jpg","schema":{"@context":"https:\/\/schema.org","@graph":[{"@type":"WebPage","@id":"https:\/\/balatoni-hajoberles.hu\/en\/flaar-18\/","url":"https:\/\/balatoni-hajoberles.hu\/en\/flaar-18\/","name":"Flaar 18 - F\u00fcredyacht Charter","isPartOf":{"@id":"https:\/\/balatoni-hajoberles.hu\/en\/#website"},"primaryImageOfPage":{"@id":"https:\/\/balatoni-hajoberles.hu\/en\/flaar-18\/#primaryimage"},"image":{"@id":"https:\/\/balatoni-hajoberles.hu\/en\/flaar-18\/#primaryimage"},"thumbnailUrl":"https:\/\/balatoni-hajoberles.hu\/wp-content\/uploads\/2020\/03\/flaar-181.jpg","datePublished":"2020-03-23T23:54:21+00:00","dateModified":"2022-08-31T11:39:22+00:00","description":"Flaar 18 sailboat charter booking on Lake Balaton. Weather Guarantee, 0\/24 Customer Service, Sz\u00e9chenyi Relaxation Card payment.","breadcrumb":{"@id":"https:\/\/balatoni-hajoberles.hu\/en\/flaar-18\/#breadcrumb"},"inLanguage":"en-US","potentialAction":[{"@type":"ReadAction","target":["https:\/\/balatoni-hajoberles.hu\/en\/flaar-18\/"]}]},{"@type":"ImageObject","inLanguage":"en-US","@id":"https:\/\/balatoni-hajoberles.hu\/en\/flaar-18\/#primaryimage","url":"https:\/\/balatoni-hajoberles.hu\/wp-content\/uploads\/2020\/03\/flaar-181.jpg","contentUrl":"https:\/\/balatoni-hajoberles.hu\/wp-content\/uploads\/2020\/03\/flaar-181.jpg","width":730,"height":730,"caption":"Flaar 18 charter | F\u00fcredyacht Charter"},{"@type":"BreadcrumbList","@id":"https:\/\/balatoni-hajoberles.hu\/en\/flaar-18\/#breadcrumb","itemListElement":[{"@type":"ListItem","position":1,"name":"Home","item":"https:\/\/balatoni-hajoberles.hu\/en\/"},{"@type":"ListItem","position":2,"name":"Vitorl\u00e1s flott\u00e1nk","item":"https:\/\/balatoni-hajoberles.hu\/vitorlas-flottank\/"},{"@type":"ListItem","position":3,"name":"Flaar 18"}]},{"@type":"WebSite","@id":"https:\/\/balatoni-hajoberles.hu\/en\/#website","url":"https:\/\/balatoni-hajoberles.hu\/en\/","name":"F\u00fcredyacht Charter","description":"Online haj\u00f3b\u00e9rl\u00e9s, vitorl\u00e1sb\u00e9rl\u00e9s a Balatonon","publisher":{"@id":"https:\/\/balatoni-hajoberles.hu\/en\/#organization"},"potentialAction":[{"@type":"SearchAction","target":{"@type":"EntryPoint","urlTemplate":"https:\/\/balatoni-hajoberles.hu\/en\/?s={search_term_string}"},"query-input":{"@type":"PropertyValueSpecification","valueRequired":true,"valueName":"search_term_string"}}],"inLanguage":"en-US"},{"@type":"Organization","@id":"https:\/\/balatoni-hajoberles.hu\/en\/#organization","name":"F\u00fcredYacht Charter","url":"https:\/\/balatoni-hajoberles.hu\/en\/","logo":{"@type":"ImageObject","inLanguage":"en-US","@id":"https:\/\/balatoni-hajoberles.hu\/en\/#\/schema\/logo\/image\/","url":"https:\/\/balatoni-hajoberles.hu\/wp-content\/uploads\/2020\/02\/wc-automail-logo.png","contentUrl":"https:\/\/balatoni-hajoberles.hu\/wp-content\/uploads\/2020\/02\/wc-automail-logo.png","width":300,"height":70,"caption":"F\u00fcredYacht Charter"},"image":{"@id":"https:\/\/balatoni-hajoberles.hu\/en\/#\/schema\/logo\/image\/"}}]}},"_links":{"self":[{"href":"https:\/\/balatoni-hajoberles.hu\/en\/wp-json\/wp\/v2\/product\/888","targetHints":{"allow":["GET"]}}],"collection":[{"href":"https:\/\/balatoni-hajoberles.hu\/en\/wp-json\/wp\/v2\/product"}],"about":[{"href":"https:\/\/balatoni-hajoberles.hu\/en\/wp-json\/wp\/v2\/types\/product"}],"replies":[{"embeddable":true,"href":"https:\/\/balatoni-hajoberles.hu\/en\/wp-json\/wp\/v2\/comments?post=888"}],"wp:featuredmedia":[{"embeddable":true,"href":"https:\/\/balatoni-hajoberles.hu\/en\/wp-json\/wp\/v2\/media\/891"}],"wp:attachment":[{"href":"https:\/\/balatoni-hajoberles.hu\/en\/wp-json\/wp\/v2\/media?parent=888"}],"wp:term":[{"taxonomy":"product_brand","embeddable":true,"href":"https:\/\/balatoni-hajoberles.hu\/en\/wp-json\/wp\/v2\/product_brand?post=888"},{"taxonomy":"product_cat","embeddable":true,"href":"https:\/\/balatoni-hajoberles.hu\/en\/wp-json\/wp\/v2\/product_cat?post=888"},{"taxonomy":"product_tag","embeddable":true,"href":"https:\/\/balatoni-hajoberles.hu\/en\/wp-json\/wp\/v2\/product_tag?post=888"}],"curies":[{"name":"wp","href":"https:\/\/api.w.org\/{rel}","templated":true}]}}