{"id":883,"date":"2020-03-23T22:20:38","date_gmt":"2020-03-23T23:36:13","guid":{"rendered":"http:\/\/balatoni-hajoberles.hu\/?post_type=product&#038;p=883"},"modified":"2024-10-23T12:50:45","modified_gmt":"2024-10-23T10:50:45","slug":"laser-bahia-2","status":"publish","type":"product","link":"https:\/\/balatoni-hajoberles.hu\/en\/laser-bahia-2\/","title":{"rendered":"Laser Bahia 2"},"content":{"rendered":"<div class=\"row\"  id=\"row-1434882069\">\n\n\n\t<div id=\"col-1270892770\" class=\"col medium-10 small-12 large-10\"  >\n\t\t\t\t<div class=\"col-inner\"  >\n\t\t\t\n\t\t\t\n\n<h2><span style=\"font-size: 160%;\">The Laser Bahia<\/span><\/h2>\n<p class=\"alt-font\"><span style=\"color: #1e1e1e; font-size: 120%;\">We at F\u00fcredyacht take seriously to transfer of confident practical knowledge and the ability to drive independently in our courses, so we have expanded our range of training boats with a 4-member fleet of the latest 2018 Laser Bahia jolles . Due to the expansion of the fleet, F\u00fcredyacht is the only sailing school in Lake Balaton providing such modern boats. <span style=\"color: #ff3465;\">Professional sailing training.<\/span><\/span><\/p>\n\n\t\t<\/div>\n\t\t\t\t\t<\/div>\n\n\t\n\n\t<div id=\"col-214214046\" class=\"col medium-2 small-12 large-2\"  >\n\t\t\t\t<div class=\"col-inner\"  >\n\t\t\t\n\t\t\t\n\n\n\t\t<\/div>\n\t\t\t\t\t<\/div>\n\n\t\n\n<\/div>\n<div class=\"row row-collapse wb-boxed-block-description\"  id=\"row-229989650\">\n\n\n\t<div id=\"col-1071919706\" class=\"col medium-4 large-4\"  >\n\t\t\t\t<div class=\"col-inner text-center dark\"  >\n\t\t\t\n\t\t\t\n\n\t<div id=\"gap-953860200\" class=\"gap-element clearfix\" style=\"display:block; height:auto;\">\n\t\t\n<style>\n#gap-953860200 {\n  padding-top: 10px;\n}\n<\/style>\n\t<\/div>\n\t\n\n<h3 style=\"text-align: center;\"><span style=\"font-size: 80%;\">Is the boat booked? We solve it.<\/span><\/h3>\n\n\t\t<\/div>\n\t\t\t\t\n<style>\n#col-1071919706 > .col-inner {\n  padding: 10px 15px 0 15px;\n}\n<\/style>\n\t<\/div>\n\n\t\n\n\t<div id=\"col-1645024555\" class=\"col medium-8 large-8\"  >\n\t\t\t\t<div class=\"col-inner text-center\"  >\n\t\t\t\n\t\t\t\n\n\t<div id=\"gap-234049559\" class=\"gap-element clearfix\" style=\"display:block; height:auto;\">\n\t\t\n<style>\n#gap-234049559 {\n  padding-top: 15px;\n}\n<\/style>\n\t<\/div>\n\t\n\n<a href=\"tel:+36304529879\" class=\"button primary is-small call-click-cta\" >\n\t\t<span>Call! +36 30 452 9879<\/span>\n\t<\/a>\n\n\n<a href=\"\/en\/waiting-list\/\" class=\"button white is-outline is-small\" >\n\t\t<span>Apply for our waiting list<\/span>\n\t<\/a>\n\n\n\n\t\t<\/div>\n\t\t\t\t\n<style>\n#col-1645024555 > .col-inner {\n  padding: 0 25px 0 25px;\n}\n<\/style>\n\t<\/div>\n\n\t\n\n<\/div>\n\n\t<div id=\"gap-354750430\" class=\"gap-element clearfix\" style=\"display:block; height:auto;\">\n\t\t\n<style>\n#gap-354750430 {\n  padding-top: 30px;\n}\n<\/style>\n\t<\/div>\n\t\n\n<div class=\"row\"  id=\"row-761776516\">\r\n\r\n\n\t<div id=\"col-687246334\" class=\"col medium-4 small-12 large-4\"  >\n\t\t\t\t<div class=\"col-inner\"  >\n\t\t\t\n\t\t\t\r\n\r\n<div data-src=\"https:\/\/cdn.trustindex.io\/loader.js?4291ca031a86861f685b619551\"><\/div>\r\n\r\n\t\t<\/div>\n\t\t\t\t\t<\/div>\n\n\t\r\n\n\t<div id=\"col-1417494113\" class=\"col medium-4 small-12 large-4\"  >\n\t\t\t\t<div class=\"col-inner\"  >\n\t\t\t\n\t\t\t\r\n\r\n<p><div data-src=\"https:\/\/cdn.trustindex.io\/loader.js?09ee73731bfd8605475e210f8b\"><\/div><\/p>\r\n\r\n\t\t<\/div>\n\t\t\t\t\t<\/div>\n\n\t\r\n\n\t<div id=\"col-969816582\" class=\"col medium-4 small-12 large-4\"  >\n\t\t\t\t<div class=\"col-inner\"  >\n\t\t\t\n\t\t\t\r\n\r\n<p><div data-src=\"https:\/\/cdn.trustindex.io\/loader.js?e3f2d0f3108c8627bd5197d529\"><\/div><\/p>\r\n\r\n\t\t<\/div>\n\t\t\t\t\t<\/div>\n\n\t\r\n\r\n<\/div>\n\n<div class=\"row\"  id=\"row-395361264\">\r\n\r\n\n\t<div id=\"col-1356617020\" class=\"col small-12 large-12\"  >\n\t\t\t\t<div class=\"col-inner\"  >\n\t\t\t\n\t\t\t\r\n\r\n<div data-src=\"https:\/\/cdn.trustindex.io\/loader.js?a1156c731568864fd253b29b4e\"><\/div>\r\n\r\n\t\t<\/div>\n\t\t\t\t\t<\/div>\n\n\t\r\n\r\n<\/div>\n\n\t<div id=\"gap-1747019164\" class=\"gap-element clearfix\" style=\"display:block; height:auto;\">\n\t\t\n<style>\n#gap-1747019164 {\n  padding-top: 30px;\n}\n<\/style>\n\t<\/div>\n\t\n\n<h2><span style=\"font-size: 160%;\">Laser Bahia Charter Prices<\/span><\/h2>\n<p>\n<table id=\"tablepress-10\" class=\"tablepress tablepress-id-10\">\n<thead>\n<tr class=\"row-1\">\n\t<th class=\"column-1\">Laser Bahia<\/th><th class=\"column-2\">Weekdays \/ Day (Mo-Th)<\/th><th class=\"column-3\">Weekends \/ Day (Fr-Su)<\/th><th class=\"column-4\">Hossz\u00fah\u00e9tv\u00e9ge (P 19:30h - H 8h)<\/th><th class=\"column-5\">5 Working Days (Mo-Fr)<\/th><th class=\"column-6\">Full Week<\/th>\n<\/tr>\n<\/thead>\n<tbody class=\"row-striping row-hover\">\n<tr class=\"row-2\">\n\t<td class=\"column-1\">April<\/td><td class=\"column-2\">60.000 Ft<\/td><td class=\"column-3\">60.000 Ft<\/td><td class=\"column-4\">180.000 Ft<\/td><td class=\"column-5\">300.000 Ft<\/td><td class=\"column-6\">420.000 Ft<\/td>\n<\/tr>\n<tr class=\"row-3\">\n\t<td class=\"column-1\">May<\/td><td class=\"column-2\">60.000 Ft<\/td><td class=\"column-3\">60.000 Ft<\/td><td class=\"column-4\">180.000 Ft<\/td><td class=\"column-5\">300.000 Ft<\/td><td class=\"column-6\">420.000 Ft<\/td>\n<\/tr>\n<tr class=\"row-4\">\n\t<td class=\"column-1\">June<\/td><td class=\"column-2\">60.000 Ft<\/td><td class=\"column-3\">60.000 Ft<\/td><td class=\"column-4\">180.000 Ft<\/td><td class=\"column-5\">300.000 Ft<\/td><td class=\"column-6\">420.000 Ft<\/td>\n<\/tr>\n<tr class=\"row-5\">\n\t<td class=\"column-1\">July<\/td><td class=\"column-2\">60.000 Ft<\/td><td class=\"column-3\">60.000 Ft<\/td><td class=\"column-4\">180.000 Ft<\/td><td class=\"column-5\">300.000 Ft<\/td><td class=\"column-6\">420.000 Ft<\/td>\n<\/tr>\n<tr class=\"row-6\">\n\t<td class=\"column-1\">August<\/td><td class=\"column-2\">60.000 Ft<\/td><td class=\"column-3\">60.000 Ft<\/td><td class=\"column-4\">180.000 Ft<\/td><td class=\"column-5\">300.000 Ft<\/td><td class=\"column-6\">420.000 Ft<\/td>\n<\/tr>\n<tr class=\"row-7\">\n\t<td class=\"column-1\">September<\/td><td class=\"column-2\">60.000 Ft<\/td><td class=\"column-3\">60.000 Ft<\/td><td class=\"column-4\">180.000 Ft<\/td><td class=\"column-5\">300.000 Ft<\/td><td class=\"column-6\">420.000 Ft<\/td>\n<\/tr>\n<tr class=\"row-8\">\n\t<td class=\"column-1\">October<\/td><td class=\"column-2\">60.000 Ft<\/td><td class=\"column-3\">60.000 Ft<\/td><td class=\"column-4\">180.000 Ft<\/td><td class=\"column-5\">300.000 Ft<\/td><td class=\"column-6\">420.000 Ft<\/td>\n<\/tr>\n<tr class=\"row-9\">\n\t<td class=\"column-1\">November<\/td><td class=\"column-2\">60.000 Ft<\/td><td class=\"column-3\">60.000 Ft<\/td><td class=\"column-4\">180.000 Ft<\/td><td class=\"column-5\">300.000 Ft<\/td><td class=\"column-6\">420.000 Ft<\/td>\n<\/tr>\n<\/tbody>\n<\/table>\n<!-- #tablepress-10 from cache --><\/p>\n\t<div id=\"gap-1231149251\" class=\"gap-element clearfix\" style=\"display:block; height:auto;\">\n\t\t\n<style>\n#gap-1231149251 {\n  padding-top: 15px;\n}\n<\/style>\n\t<\/div>\n\t\n\n<div class=\"row\"  id=\"row-1431449527\">\r\n\r\n\n\t<div id=\"col-1565254987\" class=\"col medium-6 small-12 large-6\"  >\n\t\t\t\t<div class=\"col-inner\"  >\n\t\t\t\n\t\t\t\r\n\r\n<p><span style=\"font-size: 90%;\">Deposit: 100.000 Ft \u25cf Returning Customer Discount: 10% \u25cf Ship-cleanup fee for one-day rentals: 5.000 Ft \u25cf Genakker: 25.000 Ft \u25cf Captain's prize: 70.000 Ft \/ day<\/span><\/p>\r\n\r\n\r\n\t\t<\/div>\n\t\t\t\t\t<\/div>\n\n\t\r\n\n\t<div id=\"col-2030933376\" class=\"col medium-6 small-12 large-6\"  >\n\t\t\t\t<div class=\"col-inner\"  >\n\t\t\t\n\t\t\t\r\n\r\n<p><span style=\"font-size: 90%;\">* In case of more days of renting, <a href=\"http:\/\/balatoni-hajoberles.hu\/en\/contact\/\">request for our individual offer!<\/a> \u25cf 50% of the booking fee will be paid in advance when the ship is booked, while the remaining 50% of the fee will be paid by transfer 10 days prior to the start of the rental.<\/span><\/p>\r\n\r\n\t\t<\/div>\n\t\t\t\t\t<\/div>\n\n\t\r\n\r\n<\/div>\n\n<div class=\"row\"  id=\"row-98595006\">\r\n\r\n\n\t<div id=\"col-551328240\" class=\"col medium-4 small-12 large-4\"  >\n\t\t\t\t<div class=\"col-inner text-center\"  >\n\t\t\t\n\t\t\t\r\n\r\n<div class=\"ux-logo has-hover align-middle ux_logo inline-block\" style=\"max-width: 100%!important; width: 90px!important\"><div class=\"ux-logo-link block image-\" title=\"\" href=\"\" style=\"padding: 15px;\"><img decoding=\"async\" src=\"https:\/\/balatoni-hajoberles.hu\/wp-content\/uploads\/2020\/02\/icon-weather.svg\" title=\"\" alt=\"\" class=\"ux-logo-image block\" style=\"height:60px;\" \/><\/div><\/div>\r\n\r\n<h3>Weather Guarantee<\/h3>\r\n<p>Is the weather unsafe for the day of your rental? You don't even have to worry about that. Learn more on <a href=\"http:\/\/balatoni-hajoberles.hu\/en\/terms\/\" target=\"_blank\" rel=\"noopener noreferrer\">Terms<\/a>.<\/p>\r\n\r\n\t\t<\/div>\n\t\t\t\t\t<\/div>\n\n\t\r\n\n\t<div id=\"col-323746159\" class=\"col medium-4 small-12 large-4\"  >\n\t\t\t\t<div class=\"col-inner text-center\"  >\n\t\t\t\n\t\t\t\r\n\r\n<div class=\"ux-logo has-hover align-middle ux_logo inline-block\" style=\"max-width: 100%!important; width: 90px!important\"><div class=\"ux-logo-link block image-\" title=\"\" href=\"\" style=\"padding: 15px;\"><img decoding=\"async\" src=\"https:\/\/balatoni-hajoberles.hu\/wp-content\/uploads\/2020\/02\/icon-szechenyi-card.svg\" title=\"\" alt=\"\" class=\"ux-logo-image block\" style=\"height:60px;\" \/><\/div><\/div>\r\n\r\n<h3>Pay With Pihen\u0151k\u00e1rtya<\/h3>\r\n<p>As an official acceptance point, you can pay for your boat rental with OTP, K&amp;H, MKB Sz\u00e9chenyi Pihen\u0151k\u00e1rtya.<\/p>\r\n\r\n\t\t<\/div>\n\t\t\t\t\t<\/div>\n\n\t\r\n\n\t<div id=\"col-2055589466\" class=\"col medium-4 small-12 large-4\"  >\n\t\t\t\t<div class=\"col-inner text-center\"  >\n\t\t\t\n\t\t\t\r\n\r\n<div class=\"ux-logo has-hover align-middle ux_logo inline-block\" style=\"max-width: 100%!important; width: 90px!important\"><div class=\"ux-logo-link block image-\" title=\"\" href=\"\" style=\"padding: 15px;\"><img decoding=\"async\" src=\"https:\/\/balatoni-hajoberles.hu\/wp-content\/uploads\/2020\/02\/icon-customer-service.svg\" title=\"\" alt=\"\" class=\"ux-logo-image block\" style=\"height:60px;\" \/><\/div><\/div>\r\n\r\n<h3>0-24 Call Service<\/h3>\r\n<p>You reach us by phone 24 hours a day, 7 days a week, so you can't have any problem unsolved.<\/p>\r\n\r\n\t\t<\/div>\n\t\t\t\t\t<\/div>\n\n\t\r\n\r\n<\/div>\n","protected":false},"excerpt":{"rendered":"<div class=\"row row-collapse wb-boxed-block wb-short-description-cta\"  id=\"row-1933537633\">\n\n\n\t<div id=\"col-487374022\" class=\"col medium-1\/1 large-12\"  >\n\t\t\t\t<div class=\"col-inner dark\"  >\n\t\t\t\n\t\t\t\n\n<h2><span style=\"font-size: 60%;\">is the boat booked? We solve it.<\/span><\/h2>\n<a href=\"tel:+36304529879\" class=\"button primary is-small call-click-cta\" >\n\t\t<span>Call! +36 30 452 9879<\/span>\n\t<\/a>\n\n\n<a href=\"\/en\/waiting-list\/\" class=\"button white is-outline is-small\" >\n\t\t<span>Apply for our waiting list<\/span>\n\t<\/a>\n\n\n\n\t\t<\/div>\n\t\t\t\t\t<\/div>\n\n\t\n\n\n<style>\n#row-1933537633 > .col > .col-inner {\n  padding: 10px 20px 10px 20px;\n}\n<\/style>\n<\/div>\n","protected":false},"featured_media":859,"comment_status":"open","ping_status":"closed","template":"","meta":[],"product_brand":[],"product_cat":[41],"product_tag":[],"class_list":{"0":"post-883","1":"product","2":"type-product","3":"status-publish","4":"has-post-thumbnail","6":"product_cat-sport-boat-charter","8":"first","9":"instock","10":"sold-individually","11":"taxable","12":"shipping-taxable","13":"purchasable","14":"product-type-booking"},"booking_location":"","booking_location_type":"","booking_duration":1,"booking_duration_unit":"day","booking_buffer":0,"booking_cost":0,"booking_resources":[],"yoast_head":"<!-- This site is optimized with the Yoast SEO plugin v26.9 - https:\/\/yoast.com\/product\/yoast-seo-wordpress\/ -->\n<title>Laser Bahia 2 - F\u00fcredyacht Charter<\/title>\n<meta name=\"description\" content=\"Laser Bahia sailboat charter booking on Lake Balaton. Weather Guarantee, 0\/24 Customer Service, Sz\u00e9chenyi Relaxation Card payment.\" \/>\n<meta name=\"robots\" content=\"index, follow, max-snippet:-1, max-image-preview:large, max-video-preview:-1\" \/>\n<link rel=\"canonical\" href=\"https:\/\/balatoni-hajoberles.hu\/en\/laser-bahia-2\/\" \/>\n<meta property=\"og:locale\" content=\"en_US\" \/>\n<meta property=\"og:type\" content=\"article\" \/>\n<meta property=\"og:title\" content=\"Laser Bahia sailboat charter - F\u00fcredyacht Charter\" \/>\n<meta property=\"og:description\" content=\"Laser Bahia sailboat charter booking on Lake Balaton. Weather Guarantee, 0\/24 Customer Service, Sz\u00e9chenyi Relaxation Card payment.\" \/>\n<meta property=\"og:url\" content=\"https:\/\/balatoni-hajoberles.hu\/en\/laser-bahia-2\/\" \/>\n<meta property=\"og:site_name\" content=\"F\u00fcredyacht Charter\" \/>\n<meta property=\"article:modified_time\" content=\"2024-10-23T10:50:45+00:00\" \/>\n<meta property=\"og:image\" content=\"https:\/\/balatoni-hajoberles.hu\/wp-content\/uploads\/2020\/03\/termekkep-e61-1.jpg\" \/>\n\t<meta property=\"og:image:width\" content=\"730\" \/>\n\t<meta property=\"og:image:height\" content=\"730\" \/>\n\t<meta property=\"og:image:type\" content=\"image\/jpeg\" \/>\n<meta name=\"twitter:card\" content=\"summary_large_image\" \/>\n<meta name=\"twitter:title\" content=\"Laser Bahia sailboat charter - F\u00fcredyacht Charter\" \/>\n<meta name=\"twitter:description\" content=\"Laser Bahia sailboat charter booking on Lake Balaton. Weather Guarantee, 0\/24 Customer Service, Sz\u00e9chenyi Relaxation Card payment.\" \/>\n<meta name=\"twitter:image\" content=\"http:\/\/balatoni-hajoberles.hu\/wp-content\/uploads\/2020\/03\/termekkep-e61-1.jpg\" \/>\n<script type=\"application\/ld+json\" class=\"yoast-schema-graph\">{\"@context\":\"https:\/\/schema.org\",\"@graph\":[{\"@type\":\"WebPage\",\"@id\":\"https:\/\/balatoni-hajoberles.hu\/en\/laser-bahia-2\/\",\"url\":\"https:\/\/balatoni-hajoberles.hu\/en\/laser-bahia-2\/\",\"name\":\"Laser Bahia 2 - F\u00fcredyacht Charter\",\"isPartOf\":{\"@id\":\"https:\/\/balatoni-hajoberles.hu\/en\/#website\"},\"primaryImageOfPage\":{\"@id\":\"https:\/\/balatoni-hajoberles.hu\/en\/laser-bahia-2\/#primaryimage\"},\"image\":{\"@id\":\"https:\/\/balatoni-hajoberles.hu\/en\/laser-bahia-2\/#primaryimage\"},\"thumbnailUrl\":\"https:\/\/balatoni-hajoberles.hu\/wp-content\/uploads\/2020\/03\/laser-bahia.jpg\",\"datePublished\":\"2020-03-23T23:36:13+00:00\",\"dateModified\":\"2024-10-23T10:50:45+00:00\",\"description\":\"Laser Bahia sailboat charter booking on Lake Balaton. Weather Guarantee, 0\/24 Customer Service, Sz\u00e9chenyi Relaxation Card payment.\",\"breadcrumb\":{\"@id\":\"https:\/\/balatoni-hajoberles.hu\/en\/laser-bahia-2\/#breadcrumb\"},\"inLanguage\":\"en-US\",\"potentialAction\":[{\"@type\":\"ReadAction\",\"target\":[\"https:\/\/balatoni-hajoberles.hu\/en\/laser-bahia-2\/\"]}]},{\"@type\":\"ImageObject\",\"inLanguage\":\"en-US\",\"@id\":\"https:\/\/balatoni-hajoberles.hu\/en\/laser-bahia-2\/#primaryimage\",\"url\":\"https:\/\/balatoni-hajoberles.hu\/wp-content\/uploads\/2020\/03\/laser-bahia.jpg\",\"contentUrl\":\"https:\/\/balatoni-hajoberles.hu\/wp-content\/uploads\/2020\/03\/laser-bahia.jpg\",\"width\":730,\"height\":730,\"caption\":\"Laser Bahia charter |\u00a0F\u00fcredyacht Charter\"},{\"@type\":\"BreadcrumbList\",\"@id\":\"https:\/\/balatoni-hajoberles.hu\/en\/laser-bahia-2\/#breadcrumb\",\"itemListElement\":[{\"@type\":\"ListItem\",\"position\":1,\"name\":\"Home\",\"item\":\"https:\/\/balatoni-hajoberles.hu\/en\/\"},{\"@type\":\"ListItem\",\"position\":2,\"name\":\"Vitorl\u00e1s flott\u00e1nk\",\"item\":\"https:\/\/balatoni-hajoberles.hu\/vitorlas-flottank\/\"},{\"@type\":\"ListItem\",\"position\":3,\"name\":\"Laser Bahia 2\"}]},{\"@type\":\"WebSite\",\"@id\":\"https:\/\/balatoni-hajoberles.hu\/en\/#website\",\"url\":\"https:\/\/balatoni-hajoberles.hu\/en\/\",\"name\":\"F\u00fcredyacht Charter\",\"description\":\"Online haj\u00f3b\u00e9rl\u00e9s, vitorl\u00e1sb\u00e9rl\u00e9s a Balatonon\",\"publisher\":{\"@id\":\"https:\/\/balatoni-hajoberles.hu\/en\/#organization\"},\"potentialAction\":[{\"@type\":\"SearchAction\",\"target\":{\"@type\":\"EntryPoint\",\"urlTemplate\":\"https:\/\/balatoni-hajoberles.hu\/en\/?s={search_term_string}\"},\"query-input\":{\"@type\":\"PropertyValueSpecification\",\"valueRequired\":true,\"valueName\":\"search_term_string\"}}],\"inLanguage\":\"en-US\"},{\"@type\":\"Organization\",\"@id\":\"https:\/\/balatoni-hajoberles.hu\/en\/#organization\",\"name\":\"F\u00fcredYacht Charter\",\"url\":\"https:\/\/balatoni-hajoberles.hu\/en\/\",\"logo\":{\"@type\":\"ImageObject\",\"inLanguage\":\"en-US\",\"@id\":\"https:\/\/balatoni-hajoberles.hu\/en\/#\/schema\/logo\/image\/\",\"url\":\"https:\/\/balatoni-hajoberles.hu\/wp-content\/uploads\/2020\/02\/wc-automail-logo.png\",\"contentUrl\":\"https:\/\/balatoni-hajoberles.hu\/wp-content\/uploads\/2020\/02\/wc-automail-logo.png\",\"width\":300,\"height\":70,\"caption\":\"F\u00fcredYacht Charter\"},\"image\":{\"@id\":\"https:\/\/balatoni-hajoberles.hu\/en\/#\/schema\/logo\/image\/\"}}]}<\/script>\n<!-- \/ Yoast SEO plugin. -->","yoast_head_json":{"title":"Laser Bahia 2 - F\u00fcredyacht Charter","description":"Laser Bahia sailboat charter booking on Lake Balaton. Weather Guarantee, 0\/24 Customer Service, Sz\u00e9chenyi Relaxation Card payment.","robots":{"index":"index","follow":"follow","max-snippet":"max-snippet:-1","max-image-preview":"max-image-preview:large","max-video-preview":"max-video-preview:-1"},"canonical":"https:\/\/balatoni-hajoberles.hu\/en\/laser-bahia-2\/","og_locale":"en_US","og_type":"article","og_title":"Laser Bahia sailboat charter - F\u00fcredyacht Charter","og_description":"Laser Bahia sailboat charter booking on Lake Balaton. Weather Guarantee, 0\/24 Customer Service, Sz\u00e9chenyi Relaxation Card payment.","og_url":"https:\/\/balatoni-hajoberles.hu\/en\/laser-bahia-2\/","og_site_name":"F\u00fcredyacht Charter","article_modified_time":"2024-10-23T10:50:45+00:00","og_image":[{"width":730,"height":730,"url":"https:\/\/balatoni-hajoberles.hu\/wp-content\/uploads\/2020\/03\/termekkep-e61-1.jpg","type":"image\/jpeg"}],"twitter_card":"summary_large_image","twitter_title":"Laser Bahia sailboat charter - F\u00fcredyacht Charter","twitter_description":"Laser Bahia sailboat charter booking on Lake Balaton. Weather Guarantee, 0\/24 Customer Service, Sz\u00e9chenyi Relaxation Card payment.","twitter_image":"http:\/\/balatoni-hajoberles.hu\/wp-content\/uploads\/2020\/03\/termekkep-e61-1.jpg","schema":{"@context":"https:\/\/schema.org","@graph":[{"@type":"WebPage","@id":"https:\/\/balatoni-hajoberles.hu\/en\/laser-bahia-2\/","url":"https:\/\/balatoni-hajoberles.hu\/en\/laser-bahia-2\/","name":"Laser Bahia 2 - F\u00fcredyacht Charter","isPartOf":{"@id":"https:\/\/balatoni-hajoberles.hu\/en\/#website"},"primaryImageOfPage":{"@id":"https:\/\/balatoni-hajoberles.hu\/en\/laser-bahia-2\/#primaryimage"},"image":{"@id":"https:\/\/balatoni-hajoberles.hu\/en\/laser-bahia-2\/#primaryimage"},"thumbnailUrl":"https:\/\/balatoni-hajoberles.hu\/wp-content\/uploads\/2020\/03\/laser-bahia.jpg","datePublished":"2020-03-23T23:36:13+00:00","dateModified":"2024-10-23T10:50:45+00:00","description":"Laser Bahia sailboat charter booking on Lake Balaton. Weather Guarantee, 0\/24 Customer Service, Sz\u00e9chenyi Relaxation Card payment.","breadcrumb":{"@id":"https:\/\/balatoni-hajoberles.hu\/en\/laser-bahia-2\/#breadcrumb"},"inLanguage":"en-US","potentialAction":[{"@type":"ReadAction","target":["https:\/\/balatoni-hajoberles.hu\/en\/laser-bahia-2\/"]}]},{"@type":"ImageObject","inLanguage":"en-US","@id":"https:\/\/balatoni-hajoberles.hu\/en\/laser-bahia-2\/#primaryimage","url":"https:\/\/balatoni-hajoberles.hu\/wp-content\/uploads\/2020\/03\/laser-bahia.jpg","contentUrl":"https:\/\/balatoni-hajoberles.hu\/wp-content\/uploads\/2020\/03\/laser-bahia.jpg","width":730,"height":730,"caption":"Laser Bahia charter |\u00a0F\u00fcredyacht Charter"},{"@type":"BreadcrumbList","@id":"https:\/\/balatoni-hajoberles.hu\/en\/laser-bahia-2\/#breadcrumb","itemListElement":[{"@type":"ListItem","position":1,"name":"Home","item":"https:\/\/balatoni-hajoberles.hu\/en\/"},{"@type":"ListItem","position":2,"name":"Vitorl\u00e1s flott\u00e1nk","item":"https:\/\/balatoni-hajoberles.hu\/vitorlas-flottank\/"},{"@type":"ListItem","position":3,"name":"Laser Bahia 2"}]},{"@type":"WebSite","@id":"https:\/\/balatoni-hajoberles.hu\/en\/#website","url":"https:\/\/balatoni-hajoberles.hu\/en\/","name":"F\u00fcredyacht Charter","description":"Online haj\u00f3b\u00e9rl\u00e9s, vitorl\u00e1sb\u00e9rl\u00e9s a Balatonon","publisher":{"@id":"https:\/\/balatoni-hajoberles.hu\/en\/#organization"},"potentialAction":[{"@type":"SearchAction","target":{"@type":"EntryPoint","urlTemplate":"https:\/\/balatoni-hajoberles.hu\/en\/?s={search_term_string}"},"query-input":{"@type":"PropertyValueSpecification","valueRequired":true,"valueName":"search_term_string"}}],"inLanguage":"en-US"},{"@type":"Organization","@id":"https:\/\/balatoni-hajoberles.hu\/en\/#organization","name":"F\u00fcredYacht Charter","url":"https:\/\/balatoni-hajoberles.hu\/en\/","logo":{"@type":"ImageObject","inLanguage":"en-US","@id":"https:\/\/balatoni-hajoberles.hu\/en\/#\/schema\/logo\/image\/","url":"https:\/\/balatoni-hajoberles.hu\/wp-content\/uploads\/2020\/02\/wc-automail-logo.png","contentUrl":"https:\/\/balatoni-hajoberles.hu\/wp-content\/uploads\/2020\/02\/wc-automail-logo.png","width":300,"height":70,"caption":"F\u00fcredYacht Charter"},"image":{"@id":"https:\/\/balatoni-hajoberles.hu\/en\/#\/schema\/logo\/image\/"}}]}},"_links":{"self":[{"href":"https:\/\/balatoni-hajoberles.hu\/en\/wp-json\/wp\/v2\/product\/883","targetHints":{"allow":["GET"]}}],"collection":[{"href":"https:\/\/balatoni-hajoberles.hu\/en\/wp-json\/wp\/v2\/product"}],"about":[{"href":"https:\/\/balatoni-hajoberles.hu\/en\/wp-json\/wp\/v2\/types\/product"}],"replies":[{"embeddable":true,"href":"https:\/\/balatoni-hajoberles.hu\/en\/wp-json\/wp\/v2\/comments?post=883"}],"wp:featuredmedia":[{"embeddable":true,"href":"https:\/\/balatoni-hajoberles.hu\/en\/wp-json\/wp\/v2\/media\/859"}],"wp:attachment":[{"href":"https:\/\/balatoni-hajoberles.hu\/en\/wp-json\/wp\/v2\/media?parent=883"}],"wp:term":[{"taxonomy":"product_brand","embeddable":true,"href":"https:\/\/balatoni-hajoberles.hu\/en\/wp-json\/wp\/v2\/product_brand?post=883"},{"taxonomy":"product_cat","embeddable":true,"href":"https:\/\/balatoni-hajoberles.hu\/en\/wp-json\/wp\/v2\/product_cat?post=883"},{"taxonomy":"product_tag","embeddable":true,"href":"https:\/\/balatoni-hajoberles.hu\/en\/wp-json\/wp\/v2\/product_tag?post=883"}],"curies":[{"name":"wp","href":"https:\/\/api.w.org\/{rel}","templated":true}]}}