{"id":2503,"date":"2020-04-02T17:29:32","date_gmt":"2020-04-02T15:29:32","guid":{"rendered":"http:\/\/balatoni-hajoberles.hu\/foglaltsag\/"},"modified":"2021-02-17T12:33:28","modified_gmt":"2021-02-17T11:33:28","slug":"availability","status":"publish","type":"page","link":"https:\/\/balatoni-hajoberles.hu\/en\/availability\/","title":{"rendered":"Sailboat Charter Availability Calendar"},"content":{"rendered":"\n<div class=\"row\"  id=\"row-119802395\">\n\n\n\t<div id=\"col-238930211\" class=\"col small-12 large-12\"  >\n\t\t\t\t<div class=\"col-inner\"  >\n\t\t\t\n\t\t\t\n\n\n  <div class=\"banner has-hover\" id=\"banner-107303988\">\n          <div class=\"banner-inner fill\">\n        <div class=\"banner-bg fill\" >\n            <img loading=\"lazy\" decoding=\"async\" width=\"1200\" height=\"628\" src=\"https:\/\/balatoni-hajoberles.hu\/wp-content\/uploads\/2021\/02\/banner-foglaltsag-1.jpg\" class=\"bg attachment-original size-original\" alt=\"Vitorl\u00e1sb\u00e9rl\u00e9s napt\u00e1r | F\u00fcredyacht Charter\" \/>                        <div class=\"overlay\"><\/div>            \n                    <\/div>\n\t\t\n        <div class=\"banner-layers container\">\n            <div class=\"fill banner-link\"><\/div>            \n\n   <div id=\"text-box-226017371\" class=\"text-box banner-layer x10 md-x10 lg-x10 y20 md-y20 lg-y20 res-text\">\n                                <div class=\"text-box-content text dark\">\n              \n              <div class=\"text-inner text-left\">\n                  \n\n<h1 class=\"uppercase wb-hover\"><span style=\"font-size: 150%;\">Sailboat Charter Availability<\/span><\/h1>\n\n              <\/div>\n           <\/div>\n                            \n<style>\n#text-box-226017371 {\n  width: 55%;\n}\n#text-box-226017371 .text-box-content {\n  font-size: 100%;\n}\n<\/style>\n    <\/div>\n \n\n        <\/div>\n      <\/div>\n\n            \n<style>\n#banner-107303988 {\n  padding-top: 500px;\n  background-color: rgb(255, 255, 255);\n}\n#banner-107303988 .overlay {\n  background-color: rgba(54, 151, 194, 0.3);\n}\n#banner-107303988 .banner-bg img {\n  object-position: 57% 52%;\n}\n<\/style>\n  <\/div>\n\n\n\n\t\t<\/div>\n\t\t\t\t\t<\/div>\n\n\t\n\n<\/div>\n<div class=\"row\"  id=\"row-1954485144\">\n\n\n\t<div id=\"col-287201465\" class=\"col medium-2 small-12 large-2\"  >\n\t\t\t\t<div class=\"col-inner\"  >\n\t\t\t\n\t\t\t\n\n\n\t\t<\/div>\n\t\t\t\t\t<\/div>\n\n\t\n\n\t<div id=\"col-1354973842\" class=\"col medium-8 small-12 large-8\"  >\n\t\t\t\t<div class=\"col-inner\"  >\n\t\t\t\n\t\t\t\n\n\t<div id=\"gap-1528536894\" class=\"gap-element clearfix\" style=\"display:block; height:auto;\">\n\t\t\n<style>\n#gap-1528536894 {\n  padding-top: 30px;\n}\n<\/style>\n\t<\/div>\n\t\n\n<h2 class=\"uppercase wb-hover\" style=\"text-align: center;\"><span style=\"font-size: 150%;\">Tour Boat Availability<\/span><\/h2>\n\n\t\t<\/div>\n\t\t\t\t\t<\/div>\n\n\t\n\n\t<div id=\"col-2016148957\" class=\"col medium-2 small-12 large-2\"  >\n\t\t\t\t<div class=\"col-inner\"  >\n\t\t\t\n\t\t\t\n\n\n\t\t<\/div>\n\t\t\t\t\t<\/div>\n\n\t\n\n<\/div>\n\n\n\n<div data-block-name=\"woocommerce\/bookings-availability-calendar-block\" data-current-screen=\"categories-screen\" class=\"wp-block-woocommerce-bookings-availability-calendar-block wc-bookings-availability-main-calendar-container wc-bookings-availability-main-container\" data-category-ids=\"30\" data-product-ids=\"\" data-resource-ids=\"\" data-show-date-nav=\"true\" data-date-range-type=\"this-week\" data-show-sold-out=\"true\"><\/div>\n\n\n\n<div class=\"row\"  id=\"row-1129115278\">\n\n\n\t<div id=\"col-2146704360\" class=\"col medium-2 small-12 large-2\"  >\n\t\t\t\t<div class=\"col-inner\"  >\n\t\t\t\n\t\t\t\n\n\n\t\t<\/div>\n\t\t\t\t\t<\/div>\n\n\t\n\n\t<div id=\"col-149913778\" class=\"col medium-8 small-12 large-8\"  >\n\t\t\t\t<div class=\"col-inner\"  >\n\t\t\t\n\t\t\t\n\n\t<div id=\"gap-434936446\" class=\"gap-element clearfix\" style=\"display:block; height:auto;\">\n\t\t\n<style>\n#gap-434936446 {\n  padding-top: 60px;\n}\n<\/style>\n\t<\/div>\n\t\n\n<h2 class=\"uppercase wb-hover\" style=\"text-align: center;\"><span style=\"font-size: 150%;\">Sport Boat Availability <\/span><\/h2>\n\n\t\t<\/div>\n\t\t\t\t\t<\/div>\n\n\t\n\n\t<div id=\"col-1568325869\" class=\"col medium-2 small-12 large-2\"  >\n\t\t\t\t<div class=\"col-inner\"  >\n\t\t\t\n\t\t\t\n\n\n\t\t<\/div>\n\t\t\t\t\t<\/div>\n\n\t\n\n<\/div>\n\n\n\n<div data-block-name=\"woocommerce\/bookings-availability-calendar-block\" data-current-screen=\"categories-screen\" class=\"wp-block-woocommerce-bookings-availability-calendar-block wc-bookings-availability-main-calendar-container wc-bookings-availability-main-container\" data-category-ids=\"31\" data-product-ids=\"\" data-resource-ids=\"\" data-show-date-nav=\"true\" data-date-range-type=\"this-week\" data-show-sold-out=\"true\"><\/div>\n\n\n\n<div class=\"row\"  id=\"row-1852307133\">\n\n\n\t<div id=\"col-557385430\" class=\"col medium-2 small-12 large-2\"  >\n\t\t\t\t<div class=\"col-inner\"  >\n\t\t\t\n\t\t\t\n\n\n\t\t<\/div>\n\t\t\t\t\t<\/div>\n\n\t\n\n\t<div id=\"col-1212171141\" class=\"col medium-8 small-12 large-8\"  >\n\t\t\t\t<div class=\"col-inner\"  >\n\t\t\t\n\t\t\t\n\n\t<div id=\"gap-1659724665\" class=\"gap-element clearfix\" style=\"display:block; height:auto;\">\n\t\t\n<style>\n#gap-1659724665 {\n  padding-top: 60px;\n}\n<\/style>\n\t<\/div>\n\t\n\n<h2 class=\"uppercase wb-hover\" style=\"text-align: center;\"><span style=\"font-size: 150%;\">E-Boat Availability<\/span><\/h2>\n\n\t\t<\/div>\n\t\t\t\t\t<\/div>\n\n\t\n\n\t<div id=\"col-1503804634\" class=\"col medium-2 small-12 large-2\"  >\n\t\t\t\t<div class=\"col-inner\"  >\n\t\t\t\n\t\t\t\n\n\n\t\t<\/div>\n\t\t\t\t\t<\/div>\n\n\t\n\n<\/div>\n\n\n\n<div data-block-name=\"woocommerce\/bookings-availability-calendar-block\" data-current-screen=\"categories-screen\" class=\"wp-block-woocommerce-bookings-availability-calendar-block wc-bookings-availability-main-calendar-container wc-bookings-availability-main-container\" data-category-ids=\"32\" data-product-ids=\"\" data-resource-ids=\"\" data-show-date-nav=\"true\" data-date-range-type=\"this-week\" data-show-sold-out=\"true\"><\/div>\n\n\n\n\t<div id=\"gap-612409222\" class=\"gap-element clearfix\" style=\"display:block; height:auto;\">\n\t\t\n<style>\n#gap-612409222 {\n  padding-top: 60px;\n}\n<\/style>\n\t<\/div>\n\t\n\n<div class=\"row\"  id=\"row-276493426\">\r\n\r\n\n\t<div id=\"col-2137103998\" class=\"col medium-4 small-12 large-4\"  >\n\t\t\t\t<div class=\"col-inner text-center\"  >\n\t\t\t\n\t\t\t\r\n\r\n<div class=\"ux-logo has-hover align-middle ux_logo inline-block\" style=\"max-width: 100%!important; width: 90px!important\"><div class=\"ux-logo-link block image-\" title=\"\" href=\"\" style=\"padding: 15px;\"><img decoding=\"async\" src=\"https:\/\/balatoni-hajoberles.hu\/wp-content\/uploads\/2020\/02\/icon-weather.svg\" title=\"\" alt=\"\" class=\"ux-logo-image block\" style=\"height:60px;\" \/><\/div><\/div>\r\n\r\n<h3>Weather Guarantee<\/h3>\r\n<p>Is the weather unsafe for the day of your rental? You don't even have to worry about that. Learn more on <a href=\"http:\/\/balatoni-hajoberles.hu\/en\/terms\/\" target=\"_blank\" rel=\"noopener noreferrer\">Terms<\/a>.<\/p>\r\n\r\n\t\t<\/div>\n\t\t\t\t\t<\/div>\n\n\t\r\n\n\t<div id=\"col-874075572\" class=\"col medium-4 small-12 large-4\"  >\n\t\t\t\t<div class=\"col-inner text-center\"  >\n\t\t\t\n\t\t\t\r\n\r\n<div class=\"ux-logo has-hover align-middle ux_logo inline-block\" style=\"max-width: 100%!important; width: 90px!important\"><div class=\"ux-logo-link block image-\" title=\"\" href=\"\" style=\"padding: 15px;\"><img decoding=\"async\" src=\"https:\/\/balatoni-hajoberles.hu\/wp-content\/uploads\/2020\/02\/icon-szechenyi-card.svg\" title=\"\" alt=\"\" class=\"ux-logo-image block\" style=\"height:60px;\" \/><\/div><\/div>\r\n\r\n<h3>Pay With Pihen\u0151k\u00e1rtya<\/h3>\r\n<p>As an official acceptance point, you can pay for your boat rental with OTP, K&amp;H, MKB Sz\u00e9chenyi Pihen\u0151k\u00e1rtya.<\/p>\r\n\r\n\t\t<\/div>\n\t\t\t\t\t<\/div>\n\n\t\r\n\n\t<div id=\"col-414710432\" class=\"col medium-4 small-12 large-4\"  >\n\t\t\t\t<div class=\"col-inner text-center\"  >\n\t\t\t\n\t\t\t\r\n\r\n<div class=\"ux-logo has-hover align-middle ux_logo inline-block\" style=\"max-width: 100%!important; width: 90px!important\"><div class=\"ux-logo-link block image-\" title=\"\" href=\"\" style=\"padding: 15px;\"><img decoding=\"async\" src=\"https:\/\/balatoni-hajoberles.hu\/wp-content\/uploads\/2020\/02\/icon-customer-service.svg\" title=\"\" alt=\"\" class=\"ux-logo-image block\" style=\"height:60px;\" \/><\/div><\/div>\r\n\r\n<h3>0-24 Call Service<\/h3>\r\n<p>You reach us by phone 24 hours a day, 7 days a week, so you can't have any problem unsolved.<\/p>\r\n\r\n\t\t<\/div>\n\t\t\t\t\t<\/div>\n\n\t\r\n\r\n<\/div>\n\n\t<div id=\"gap-1251763724\" class=\"gap-element clearfix\" style=\"display:block; height:auto;\">\n\t\t\n<style>\n#gap-1251763724 {\n  padding-top: 60px;\n}\n<\/style>\n\t<\/div>\n\t\n\n<div class=\"row row-collapse wb-boxed-block-description\"  id=\"row-1243573054\">\n\n\n\t<div id=\"col-557730457\" class=\"col medium-6 large-6\"  >\n\t\t\t\t<div class=\"col-inner text-center dark\"  >\n\t\t\t\n\t\t\t\n\n\t<div id=\"gap-394530312\" class=\"gap-element clearfix\" style=\"display:block; height:auto;\">\n\t\t\n<style>\n#gap-394530312 {\n  padding-top: 10px;\n}\n<\/style>\n\t<\/div>\n\t\n\n<h3 style=\"text-align: center;\"><span style=\"font-size: 80%;\">Any questions about sailboat charter? Ask now!<\/span><\/h3>\n\n\t\t<\/div>\n\t\t\t\t\n<style>\n#col-557730457 > .col-inner {\n  padding: 10px 15px 0 15px;\n}\n<\/style>\n\t<\/div>\n\n\t\n\n\t<div id=\"col-465697273\" class=\"col medium-6 large-6\"  >\n\t\t\t\t<div class=\"col-inner text-center\"  >\n\t\t\t\n\t\t\t\n\n\t<div id=\"gap-2107804668\" class=\"gap-element clearfix\" style=\"display:block; height:auto;\">\n\t\t\n<style>\n#gap-2107804668 {\n  padding-top: 15px;\n}\n<\/style>\n\t<\/div>\n\t\n\n<a href=\"tel:%20+36304529879\" class=\"button primary is-small call-click-cta\" >\n\t\t<span>Call! +36 30 452 9879<\/span>\n\t<\/a>\n\n\n<a href=\"mailto:%20info@furedyacht.hu\" class=\"button white is-outline is-small email-click-cta\" >\n\t\t<span>Drop an email<\/span>\n\t<\/a>\n\n\n\n\t\t<\/div>\n\t\t\t\t\n<style>\n#col-465697273 > .col-inner {\n  padding: 0 25px 0 25px;\n}\n<\/style>\n\t<\/div>\n\n\t\n\n<\/div>\n\n\n","protected":false},"excerpt":{"rendered":"","protected":false},"author":1,"featured_media":0,"parent":0,"menu_order":0,"comment_status":"closed","ping_status":"closed","template":"","meta":{"footnotes":""},"class_list":["post-2503","page","type-page","status-publish","hentry"],"yoast_head":"<!-- This site is optimized with the Yoast SEO plugin v26.9 - https:\/\/yoast.com\/product\/yoast-seo-wordpress\/ -->\n<title>Sailboat Charter Availability Calendar - F\u00fcredyacht Charter<\/title>\n<meta name=\"description\" content=\"Sailboat charter availability: easily check which boat is available at the desired time! Weather Guarantee, 0\/24 Call Center!\" \/>\n<meta name=\"robots\" content=\"index, follow, max-snippet:-1, max-image-preview:large, max-video-preview:-1\" \/>\n<link rel=\"canonical\" href=\"https:\/\/balatoni-hajoberles.hu\/en\/availability\/\" \/>\n<meta property=\"og:locale\" content=\"en_US\" \/>\n<meta property=\"og:type\" content=\"article\" \/>\n<meta property=\"og:title\" content=\"Sailboat Charter Availability Calendar - F\u00fcredyacht Charter\" \/>\n<meta property=\"og:description\" content=\"Sailboat charter availability: easily check which boat is available at the desired time! Weather Guarantee, 0\/24 Call Center!\" \/>\n<meta property=\"og:url\" content=\"https:\/\/balatoni-hajoberles.hu\/en\/availability\/\" \/>\n<meta property=\"og:site_name\" content=\"F\u00fcredyacht Charter\" \/>\n<meta property=\"article:modified_time\" content=\"2021-02-17T11:33:28+00:00\" \/>\n<meta property=\"og:image\" content=\"https:\/\/balatoni-hajoberles.hu\/wp-content\/uploads\/2020\/03\/gallery-hasznaltauto7.jpg\" \/>\n\t<meta property=\"og:image:width\" content=\"1200\" \/>\n\t<meta property=\"og:image:height\" content=\"628\" \/>\n\t<meta property=\"og:image:type\" content=\"image\/jpeg\" \/>\n<meta name=\"twitter:card\" content=\"summary_large_image\" \/>\n<meta name=\"twitter:title\" content=\"Sailboat Charter Availability Calendar - F\u00fcredyacht Charter\" \/>\n<meta name=\"twitter:description\" content=\"Sailboat charter availability: easily check which boat is available at the desired time! Weather Guarantee, 0\/24 Call Center!\" \/>\n<meta name=\"twitter:image\" content=\"https:\/\/balatoni-hajoberles.hu\/wp-content\/uploads\/2020\/03\/gallery-hasznaltauto7.jpg\" \/>\n<meta name=\"twitter:label1\" content=\"Est. reading time\" \/>\n\t<meta name=\"twitter:data1\" content=\"1 minute\" \/>\n<script type=\"application\/ld+json\" class=\"yoast-schema-graph\">{\"@context\":\"https:\/\/schema.org\",\"@graph\":[{\"@type\":\"WebPage\",\"@id\":\"https:\/\/balatoni-hajoberles.hu\/en\/availability\/\",\"url\":\"https:\/\/balatoni-hajoberles.hu\/en\/availability\/\",\"name\":\"Sailboat Charter Availability Calendar - F\u00fcredyacht Charter\",\"isPartOf\":{\"@id\":\"https:\/\/balatoni-hajoberles.hu\/en\/#website\"},\"datePublished\":\"2020-04-02T15:29:32+00:00\",\"dateModified\":\"2021-02-17T11:33:28+00:00\",\"description\":\"Sailboat charter availability: easily check which boat is available at the desired time! Weather Guarantee, 0\/24 Call Center!\",\"breadcrumb\":{\"@id\":\"https:\/\/balatoni-hajoberles.hu\/en\/availability\/#breadcrumb\"},\"inLanguage\":\"en-US\",\"potentialAction\":[{\"@type\":\"ReadAction\",\"target\":[\"https:\/\/balatoni-hajoberles.hu\/en\/availability\/\"]}]},{\"@type\":\"BreadcrumbList\",\"@id\":\"https:\/\/balatoni-hajoberles.hu\/en\/availability\/#breadcrumb\",\"itemListElement\":[{\"@type\":\"ListItem\",\"position\":1,\"name\":\"Home\",\"item\":\"https:\/\/balatoni-hajoberles.hu\/en\/\"},{\"@type\":\"ListItem\",\"position\":2,\"name\":\"Sailboat Charter Availability Calendar\"}]},{\"@type\":\"WebSite\",\"@id\":\"https:\/\/balatoni-hajoberles.hu\/en\/#website\",\"url\":\"https:\/\/balatoni-hajoberles.hu\/en\/\",\"name\":\"F\u00fcredyacht Charter\",\"description\":\"Online haj\u00f3b\u00e9rl\u00e9s, vitorl\u00e1sb\u00e9rl\u00e9s a Balatonon\",\"publisher\":{\"@id\":\"https:\/\/balatoni-hajoberles.hu\/en\/#organization\"},\"potentialAction\":[{\"@type\":\"SearchAction\",\"target\":{\"@type\":\"EntryPoint\",\"urlTemplate\":\"https:\/\/balatoni-hajoberles.hu\/en\/?s={search_term_string}\"},\"query-input\":{\"@type\":\"PropertyValueSpecification\",\"valueRequired\":true,\"valueName\":\"search_term_string\"}}],\"inLanguage\":\"en-US\"},{\"@type\":\"Organization\",\"@id\":\"https:\/\/balatoni-hajoberles.hu\/en\/#organization\",\"name\":\"F\u00fcredYacht Charter\",\"url\":\"https:\/\/balatoni-hajoberles.hu\/en\/\",\"logo\":{\"@type\":\"ImageObject\",\"inLanguage\":\"en-US\",\"@id\":\"https:\/\/balatoni-hajoberles.hu\/en\/#\/schema\/logo\/image\/\",\"url\":\"https:\/\/balatoni-hajoberles.hu\/wp-content\/uploads\/2020\/02\/wc-automail-logo.png\",\"contentUrl\":\"https:\/\/balatoni-hajoberles.hu\/wp-content\/uploads\/2020\/02\/wc-automail-logo.png\",\"width\":300,\"height\":70,\"caption\":\"F\u00fcredYacht Charter\"},\"image\":{\"@id\":\"https:\/\/balatoni-hajoberles.hu\/en\/#\/schema\/logo\/image\/\"}}]}<\/script>\n<!-- \/ Yoast SEO plugin. -->","yoast_head_json":{"title":"Sailboat Charter Availability Calendar - F\u00fcredyacht Charter","description":"Sailboat charter availability: easily check which boat is available at the desired time! Weather Guarantee, 0\/24 Call Center!","robots":{"index":"index","follow":"follow","max-snippet":"max-snippet:-1","max-image-preview":"max-image-preview:large","max-video-preview":"max-video-preview:-1"},"canonical":"https:\/\/balatoni-hajoberles.hu\/en\/availability\/","og_locale":"en_US","og_type":"article","og_title":"Sailboat Charter Availability Calendar - F\u00fcredyacht Charter","og_description":"Sailboat charter availability: easily check which boat is available at the desired time! Weather Guarantee, 0\/24 Call Center!","og_url":"https:\/\/balatoni-hajoberles.hu\/en\/availability\/","og_site_name":"F\u00fcredyacht Charter","article_modified_time":"2021-02-17T11:33:28+00:00","og_image":[{"width":1200,"height":628,"url":"https:\/\/balatoni-hajoberles.hu\/wp-content\/uploads\/2020\/03\/gallery-hasznaltauto7.jpg","type":"image\/jpeg"}],"twitter_card":"summary_large_image","twitter_title":"Sailboat Charter Availability Calendar - F\u00fcredyacht Charter","twitter_description":"Sailboat charter availability: easily check which boat is available at the desired time! Weather Guarantee, 0\/24 Call Center!","twitter_image":"https:\/\/balatoni-hajoberles.hu\/wp-content\/uploads\/2020\/03\/gallery-hasznaltauto7.jpg","twitter_misc":{"Est. reading time":"1 minute"},"schema":{"@context":"https:\/\/schema.org","@graph":[{"@type":"WebPage","@id":"https:\/\/balatoni-hajoberles.hu\/en\/availability\/","url":"https:\/\/balatoni-hajoberles.hu\/en\/availability\/","name":"Sailboat Charter Availability Calendar - F\u00fcredyacht Charter","isPartOf":{"@id":"https:\/\/balatoni-hajoberles.hu\/en\/#website"},"datePublished":"2020-04-02T15:29:32+00:00","dateModified":"2021-02-17T11:33:28+00:00","description":"Sailboat charter availability: easily check which boat is available at the desired time! Weather Guarantee, 0\/24 Call Center!","breadcrumb":{"@id":"https:\/\/balatoni-hajoberles.hu\/en\/availability\/#breadcrumb"},"inLanguage":"en-US","potentialAction":[{"@type":"ReadAction","target":["https:\/\/balatoni-hajoberles.hu\/en\/availability\/"]}]},{"@type":"BreadcrumbList","@id":"https:\/\/balatoni-hajoberles.hu\/en\/availability\/#breadcrumb","itemListElement":[{"@type":"ListItem","position":1,"name":"Home","item":"https:\/\/balatoni-hajoberles.hu\/en\/"},{"@type":"ListItem","position":2,"name":"Sailboat Charter Availability Calendar"}]},{"@type":"WebSite","@id":"https:\/\/balatoni-hajoberles.hu\/en\/#website","url":"https:\/\/balatoni-hajoberles.hu\/en\/","name":"F\u00fcredyacht Charter","description":"Online haj\u00f3b\u00e9rl\u00e9s, vitorl\u00e1sb\u00e9rl\u00e9s a Balatonon","publisher":{"@id":"https:\/\/balatoni-hajoberles.hu\/en\/#organization"},"potentialAction":[{"@type":"SearchAction","target":{"@type":"EntryPoint","urlTemplate":"https:\/\/balatoni-hajoberles.hu\/en\/?s={search_term_string}"},"query-input":{"@type":"PropertyValueSpecification","valueRequired":true,"valueName":"search_term_string"}}],"inLanguage":"en-US"},{"@type":"Organization","@id":"https:\/\/balatoni-hajoberles.hu\/en\/#organization","name":"F\u00fcredYacht Charter","url":"https:\/\/balatoni-hajoberles.hu\/en\/","logo":{"@type":"ImageObject","inLanguage":"en-US","@id":"https:\/\/balatoni-hajoberles.hu\/en\/#\/schema\/logo\/image\/","url":"https:\/\/balatoni-hajoberles.hu\/wp-content\/uploads\/2020\/02\/wc-automail-logo.png","contentUrl":"https:\/\/balatoni-hajoberles.hu\/wp-content\/uploads\/2020\/02\/wc-automail-logo.png","width":300,"height":70,"caption":"F\u00fcredYacht Charter"},"image":{"@id":"https:\/\/balatoni-hajoberles.hu\/en\/#\/schema\/logo\/image\/"}}]}},"_links":{"self":[{"href":"https:\/\/balatoni-hajoberles.hu\/en\/wp-json\/wp\/v2\/pages\/2503","targetHints":{"allow":["GET"]}}],"collection":[{"href":"https:\/\/balatoni-hajoberles.hu\/en\/wp-json\/wp\/v2\/pages"}],"about":[{"href":"https:\/\/balatoni-hajoberles.hu\/en\/wp-json\/wp\/v2\/types\/page"}],"author":[{"embeddable":true,"href":"https:\/\/balatoni-hajoberles.hu\/en\/wp-json\/wp\/v2\/users\/1"}],"replies":[{"embeddable":true,"href":"https:\/\/balatoni-hajoberles.hu\/en\/wp-json\/wp\/v2\/comments?post=2503"}],"version-history":[{"count":10,"href":"https:\/\/balatoni-hajoberles.hu\/en\/wp-json\/wp\/v2\/pages\/2503\/revisions"}],"predecessor-version":[{"id":3842,"href":"https:\/\/balatoni-hajoberles.hu\/en\/wp-json\/wp\/v2\/pages\/2503\/revisions\/3842"}],"wp:attachment":[{"href":"https:\/\/balatoni-hajoberles.hu\/en\/wp-json\/wp\/v2\/media?parent=2503"}],"curies":[{"name":"wp","href":"https:\/\/api.w.org\/{rel}","templated":true}]}}