{"id":1674,"date":"2020-02-18T17:29:40","date_gmt":"2020-02-18T16:29:40","guid":{"rendered":"http:\/\/balatoni-hajoberles.hu\/kapcsolat\/"},"modified":"2021-07-16T14:25:17","modified_gmt":"2021-07-16T12:25:17","slug":"contact","status":"publish","type":"page","link":"https:\/\/balatoni-hajoberles.hu\/en\/contact\/","title":{"rendered":"Sailboat Charter Contacts"},"content":{"rendered":"\n\n\t<section class=\"section\" id=\"section_1503883924\">\n\t\t<div class=\"section-bg fill\" >\n\t\t\t\t\t\t\t\t\t\n\t\t\t\n\n\t\t<\/div>\n\n\t\t\n\n\t\t<div class=\"section-content relative\">\n\t\t\t\n\n<div class=\"row\"  id=\"row-47767867\">\n\n\n\t<div id=\"col-235995894\" class=\"col medium-8 small-12 large-8\"  >\n\t\t\t\t<div class=\"col-inner\"  >\n\t\t\t\n\t\t\t\n\n<h1><span style=\"font-size: 300%;\">Let&#8217;s Chat!<\/span><\/h1>\n<p class=\"alt-font\"><span style=\"font-size: 130%; color: #1e1e1e;\">Our life at F\u00fcredyacht Charter is all about sailing. We strive to share the experience of this sport with as many people as possible. <span style=\"color: #ff3465;\">What can we do for you?<\/span><\/span><\/p>\n\t<div id=\"gap-93635227\" class=\"gap-element clearfix\" style=\"display:block; height:auto;\">\n\t\t\n<style>\n#gap-93635227 {\n  padding-top: 30px;\n}\n<\/style>\n\t<\/div>\n\t\n\n\n\t\t<\/div>\n\t\t\t\t\t<\/div>\n\n\t\n\n<\/div>\n<div class=\"row\"  id=\"row-414138898\">\n\n\n\t<div id=\"col-941531833\" class=\"col medium-6 small-12 large-6\"  >\n\t\t\t\t<div class=\"col-inner\"  >\n\t\t\t\n\t\t\t\n\n<h2><span style=\"font-size: 100%;\">Sailboat Charter Contacts<\/span><\/h2>\n<p>Call or email us if you have any questions about sailing, sailboat charter or you plan learning to sail and you don&#8217;t know where to start at.<\/p>\n<h3><a href=\"tel: +36304529879\">+36 30 452 9879<\/a> \/ <a href=\"mailto:info@furedyacht.hu\">info@furedyacht.hu<\/a><\/h3>\n\t<div id=\"gap-2111735111\" class=\"gap-element clearfix\" style=\"display:block; height:auto;\">\n\t\t\n<style>\n#gap-2111735111 {\n  padding-top: 15px;\n}\n<\/style>\n\t<\/div>\n\t\n\n<p><span style=\"color: #1e1e1e;\"><strong>H\u00e9tf\u0151<\/strong><\/span>&nbsp; 9:00-18:00<br \/><span style=\"color: #1e1e1e;\"><strong>Kedd<\/strong><\/span>&nbsp; 9:00-18:00<br \/><span style=\"color: #1e1e1e;\"><strong>Szerda<\/strong><\/span>&nbsp; 9:00-18:00<br \/><span style=\"color: #1e1e1e;\"><strong>Cs\u00fct\u00f6rt\u00f6k<\/strong><\/span>&nbsp; 9:00-18:00<br \/><span style=\"color: #1e1e1e;\"><strong>P\u00e9ntek<\/strong><\/span>&nbsp; 9:00-18:00<br \/><span style=\"color: #1e1e1e;\"><strong>Szombat<\/strong><\/span>&nbsp; 9:00-18:00<br \/><span style=\"color: #1e1e1e;\"><strong>Vas\u00e1rnap<\/strong><\/span>&nbsp; 9:00-18:00<\/p>\n<p>Our office is available at the opening hours above. Our Call Service is available to call 24 hours a day, 7 days a week. <\/p>\n<a href=\"\/en\/faq\/\" class=\"button primary is-link\" >\n\t\t<span>F.A.Q. \u2192<\/span>\n\t<\/a>\n\n\n<a href=\"\/en\/useful-charter-tips\/\" class=\"button primary is-link\" >\n\t\t<span>Useful Tips For Sailboat Charter \u2192<\/span>\n\t<\/a>\n\n\n\n\t\t<\/div>\n\t\t\t\t\t<\/div>\n\n\t\n\n\t<div id=\"col-685689827\" class=\"col medium-6 small-12 large-6\"  >\n\t\t\t\t<div class=\"col-inner\"  >\n\t\t\t\n\t\t\t\n\n<h2><span style=\"font-size: 100%;\">Base Port<\/span><\/h2>\n<p>Our base port is located at Hotel Uni, in the touristic center of Balatonf\u00fcred with private parking.<\/p>\n<p><iframe loading=\"lazy\" src=\"https:\/\/www.google.com\/maps\/embed?pb=!1m18!1m12!1m3!1d2723.5395809431225!2d17.886265415509634!3d46.95108754102208!2m3!1f0!2f0!3f0!3m2!1i1024!2i768!4f13.1!3m3!1m2!1s0x4769bdbc545d1451%3A0x1d8ea239bfb5a312!2sf%C3%BCredyachtcharter!5e0!3m2!1sen!2shu!4v1582235002584!5m2!1sen!2shu\" width=\"100%\" height=\"450\" frameborder=\"0\" style=\"border:0;\" allowfullscreen=\"\"><\/iframe><\/p>\n\n\t\t<\/div>\n\t\t\t\t\t<\/div>\n\n\t\n\n<\/div>\n\n\t\t<\/div>\n\n\t\t\n<style>\n#section_1503883924 {\n  padding-top: 30px;\n  padding-bottom: 30px;\n}\n<\/style>\n\t<\/section>\n\t\n<div class=\"row\"  id=\"row-289476825\">\r\n\r\n\n\t<div id=\"col-1888371395\" class=\"col small-12 large-12\"  >\n\t\t\t\t<div class=\"col-inner\"  >\n\t\t\t\n\t\t\t\r\n\r\n<div data-src=\"https:\/\/cdn.trustindex.io\/loader.js?a1156c731568864fd253b29b4e\"><\/div>\r\n\r\n\t\t<\/div>\n\t\t\t\t\t<\/div>\n\n\t\r\n\r\n<\/div>\n\n\n","protected":false},"excerpt":{"rendered":"","protected":false},"author":1,"featured_media":0,"parent":0,"menu_order":0,"comment_status":"closed","ping_status":"closed","template":"page-blank.php","meta":{"footnotes":""},"class_list":["post-1674","page","type-page","status-publish","hentry"],"yoast_head":"<!-- This site is optimized with the Yoast SEO plugin v26.9 - https:\/\/yoast.com\/product\/yoast-seo-wordpress\/ -->\n<title>Sailboat Charter Contacts - F\u00fcredyacht Charter<\/title>\n<meta name=\"description\" content=\"Sailboat charter contacts with online booking on Lake Balaton. Weather Guarantee, 0\/24 Customer Service, Sz\u00e9chenyi Relaxation Card payment.\" \/>\n<meta name=\"robots\" content=\"index, follow, max-snippet:-1, max-image-preview:large, max-video-preview:-1\" \/>\n<link rel=\"canonical\" href=\"https:\/\/balatoni-hajoberles.hu\/en\/contact\/\" \/>\n<meta property=\"og:locale\" content=\"en_US\" \/>\n<meta property=\"og:type\" content=\"article\" \/>\n<meta property=\"og:title\" content=\"Sailboat charter contacts on Lake Balaton - F\u00fcredyacht Charter\" \/>\n<meta property=\"og:description\" content=\"Sailboat charter contacts with online booking on Lake Balaton. Weather Guarantee, 0\/24 Customer Service, Sz\u00e9chenyi Relaxation Card payment.\" \/>\n<meta property=\"og:url\" content=\"https:\/\/balatoni-hajoberles.hu\/en\/contact\/\" \/>\n<meta property=\"og:site_name\" content=\"F\u00fcredyacht Charter\" \/>\n<meta property=\"article:modified_time\" content=\"2021-07-16T12:25:17+00:00\" \/>\n<meta property=\"og:image\" content=\"https:\/\/balatoni-hajoberles.hu\/wp-content\/uploads\/2020\/03\/banner-vitorlas-flottank4.jpg\" \/>\n\t<meta property=\"og:image:width\" content=\"1200\" \/>\n\t<meta property=\"og:image:height\" content=\"628\" \/>\n\t<meta property=\"og:image:type\" content=\"image\/jpeg\" \/>\n<meta name=\"twitter:card\" content=\"summary_large_image\" \/>\n<meta name=\"twitter:title\" content=\"Sailboat charter contacts on Lake Balaton - F\u00fcredyacht Charter\" \/>\n<meta name=\"twitter:description\" content=\"Sailboat charter contacts with online booking on Lake Balaton. Weather Guarantee, 0\/24 Customer Service, Sz\u00e9chenyi Relaxation Card payment.\" \/>\n<meta name=\"twitter:image\" content=\"https:\/\/balatoni-hajoberles.hu\/wp-content\/uploads\/2020\/03\/banner-vitorlas-flottank4.jpg\" \/>\n<meta name=\"twitter:label1\" content=\"Est. reading time\" \/>\n\t<meta name=\"twitter:data1\" content=\"1 minute\" \/>\n<script type=\"application\/ld+json\" class=\"yoast-schema-graph\">{\"@context\":\"https:\/\/schema.org\",\"@graph\":[{\"@type\":\"WebPage\",\"@id\":\"https:\/\/balatoni-hajoberles.hu\/en\/contact\/\",\"url\":\"https:\/\/balatoni-hajoberles.hu\/en\/contact\/\",\"name\":\"Sailboat Charter Contacts - F\u00fcredyacht Charter\",\"isPartOf\":{\"@id\":\"https:\/\/balatoni-hajoberles.hu\/en\/#website\"},\"datePublished\":\"2020-02-18T16:29:40+00:00\",\"dateModified\":\"2021-07-16T12:25:17+00:00\",\"description\":\"Sailboat charter contacts with online booking on Lake Balaton. Weather Guarantee, 0\/24 Customer Service, Sz\u00e9chenyi Relaxation Card payment.\",\"breadcrumb\":{\"@id\":\"https:\/\/balatoni-hajoberles.hu\/en\/contact\/#breadcrumb\"},\"inLanguage\":\"en-US\",\"potentialAction\":[{\"@type\":\"ReadAction\",\"target\":[\"https:\/\/balatoni-hajoberles.hu\/en\/contact\/\"]}]},{\"@type\":\"BreadcrumbList\",\"@id\":\"https:\/\/balatoni-hajoberles.hu\/en\/contact\/#breadcrumb\",\"itemListElement\":[{\"@type\":\"ListItem\",\"position\":1,\"name\":\"Home\",\"item\":\"https:\/\/balatoni-hajoberles.hu\/en\/\"},{\"@type\":\"ListItem\",\"position\":2,\"name\":\"Sailboat Charter Contacts\"}]},{\"@type\":\"WebSite\",\"@id\":\"https:\/\/balatoni-hajoberles.hu\/en\/#website\",\"url\":\"https:\/\/balatoni-hajoberles.hu\/en\/\",\"name\":\"F\u00fcredyacht Charter\",\"description\":\"Online haj\u00f3b\u00e9rl\u00e9s, vitorl\u00e1sb\u00e9rl\u00e9s a Balatonon\",\"publisher\":{\"@id\":\"https:\/\/balatoni-hajoberles.hu\/en\/#organization\"},\"potentialAction\":[{\"@type\":\"SearchAction\",\"target\":{\"@type\":\"EntryPoint\",\"urlTemplate\":\"https:\/\/balatoni-hajoberles.hu\/en\/?s={search_term_string}\"},\"query-input\":{\"@type\":\"PropertyValueSpecification\",\"valueRequired\":true,\"valueName\":\"search_term_string\"}}],\"inLanguage\":\"en-US\"},{\"@type\":\"Organization\",\"@id\":\"https:\/\/balatoni-hajoberles.hu\/en\/#organization\",\"name\":\"F\u00fcredYacht Charter\",\"url\":\"https:\/\/balatoni-hajoberles.hu\/en\/\",\"logo\":{\"@type\":\"ImageObject\",\"inLanguage\":\"en-US\",\"@id\":\"https:\/\/balatoni-hajoberles.hu\/en\/#\/schema\/logo\/image\/\",\"url\":\"https:\/\/balatoni-hajoberles.hu\/wp-content\/uploads\/2020\/02\/wc-automail-logo.png\",\"contentUrl\":\"https:\/\/balatoni-hajoberles.hu\/wp-content\/uploads\/2020\/02\/wc-automail-logo.png\",\"width\":300,\"height\":70,\"caption\":\"F\u00fcredYacht Charter\"},\"image\":{\"@id\":\"https:\/\/balatoni-hajoberles.hu\/en\/#\/schema\/logo\/image\/\"}}]}<\/script>\n<!-- \/ Yoast SEO plugin. -->","yoast_head_json":{"title":"Sailboat Charter Contacts - F\u00fcredyacht Charter","description":"Sailboat charter contacts with online booking on Lake Balaton. Weather Guarantee, 0\/24 Customer Service, Sz\u00e9chenyi Relaxation Card payment.","robots":{"index":"index","follow":"follow","max-snippet":"max-snippet:-1","max-image-preview":"max-image-preview:large","max-video-preview":"max-video-preview:-1"},"canonical":"https:\/\/balatoni-hajoberles.hu\/en\/contact\/","og_locale":"en_US","og_type":"article","og_title":"Sailboat charter contacts on Lake Balaton - F\u00fcredyacht Charter","og_description":"Sailboat charter contacts with online booking on Lake Balaton. Weather Guarantee, 0\/24 Customer Service, Sz\u00e9chenyi Relaxation Card payment.","og_url":"https:\/\/balatoni-hajoberles.hu\/en\/contact\/","og_site_name":"F\u00fcredyacht Charter","article_modified_time":"2021-07-16T12:25:17+00:00","og_image":[{"width":1200,"height":628,"url":"https:\/\/balatoni-hajoberles.hu\/wp-content\/uploads\/2020\/03\/banner-vitorlas-flottank4.jpg","type":"image\/jpeg"}],"twitter_card":"summary_large_image","twitter_title":"Sailboat charter contacts on Lake Balaton - F\u00fcredyacht Charter","twitter_description":"Sailboat charter contacts with online booking on Lake Balaton. Weather Guarantee, 0\/24 Customer Service, Sz\u00e9chenyi Relaxation Card payment.","twitter_image":"https:\/\/balatoni-hajoberles.hu\/wp-content\/uploads\/2020\/03\/banner-vitorlas-flottank4.jpg","twitter_misc":{"Est. reading time":"1 minute"},"schema":{"@context":"https:\/\/schema.org","@graph":[{"@type":"WebPage","@id":"https:\/\/balatoni-hajoberles.hu\/en\/contact\/","url":"https:\/\/balatoni-hajoberles.hu\/en\/contact\/","name":"Sailboat Charter Contacts - F\u00fcredyacht Charter","isPartOf":{"@id":"https:\/\/balatoni-hajoberles.hu\/en\/#website"},"datePublished":"2020-02-18T16:29:40+00:00","dateModified":"2021-07-16T12:25:17+00:00","description":"Sailboat charter contacts with online booking on Lake Balaton. Weather Guarantee, 0\/24 Customer Service, Sz\u00e9chenyi Relaxation Card payment.","breadcrumb":{"@id":"https:\/\/balatoni-hajoberles.hu\/en\/contact\/#breadcrumb"},"inLanguage":"en-US","potentialAction":[{"@type":"ReadAction","target":["https:\/\/balatoni-hajoberles.hu\/en\/contact\/"]}]},{"@type":"BreadcrumbList","@id":"https:\/\/balatoni-hajoberles.hu\/en\/contact\/#breadcrumb","itemListElement":[{"@type":"ListItem","position":1,"name":"Home","item":"https:\/\/balatoni-hajoberles.hu\/en\/"},{"@type":"ListItem","position":2,"name":"Sailboat Charter Contacts"}]},{"@type":"WebSite","@id":"https:\/\/balatoni-hajoberles.hu\/en\/#website","url":"https:\/\/balatoni-hajoberles.hu\/en\/","name":"F\u00fcredyacht Charter","description":"Online haj\u00f3b\u00e9rl\u00e9s, vitorl\u00e1sb\u00e9rl\u00e9s a Balatonon","publisher":{"@id":"https:\/\/balatoni-hajoberles.hu\/en\/#organization"},"potentialAction":[{"@type":"SearchAction","target":{"@type":"EntryPoint","urlTemplate":"https:\/\/balatoni-hajoberles.hu\/en\/?s={search_term_string}"},"query-input":{"@type":"PropertyValueSpecification","valueRequired":true,"valueName":"search_term_string"}}],"inLanguage":"en-US"},{"@type":"Organization","@id":"https:\/\/balatoni-hajoberles.hu\/en\/#organization","name":"F\u00fcredYacht Charter","url":"https:\/\/balatoni-hajoberles.hu\/en\/","logo":{"@type":"ImageObject","inLanguage":"en-US","@id":"https:\/\/balatoni-hajoberles.hu\/en\/#\/schema\/logo\/image\/","url":"https:\/\/balatoni-hajoberles.hu\/wp-content\/uploads\/2020\/02\/wc-automail-logo.png","contentUrl":"https:\/\/balatoni-hajoberles.hu\/wp-content\/uploads\/2020\/02\/wc-automail-logo.png","width":300,"height":70,"caption":"F\u00fcredYacht Charter"},"image":{"@id":"https:\/\/balatoni-hajoberles.hu\/en\/#\/schema\/logo\/image\/"}}]}},"_links":{"self":[{"href":"https:\/\/balatoni-hajoberles.hu\/en\/wp-json\/wp\/v2\/pages\/1674","targetHints":{"allow":["GET"]}}],"collection":[{"href":"https:\/\/balatoni-hajoberles.hu\/en\/wp-json\/wp\/v2\/pages"}],"about":[{"href":"https:\/\/balatoni-hajoberles.hu\/en\/wp-json\/wp\/v2\/types\/page"}],"author":[{"embeddable":true,"href":"https:\/\/balatoni-hajoberles.hu\/en\/wp-json\/wp\/v2\/users\/1"}],"replies":[{"embeddable":true,"href":"https:\/\/balatoni-hajoberles.hu\/en\/wp-json\/wp\/v2\/comments?post=1674"}],"version-history":[{"count":11,"href":"https:\/\/balatoni-hajoberles.hu\/en\/wp-json\/wp\/v2\/pages\/1674\/revisions"}],"predecessor-version":[{"id":6956,"href":"https:\/\/balatoni-hajoberles.hu\/en\/wp-json\/wp\/v2\/pages\/1674\/revisions\/6956"}],"wp:attachment":[{"href":"https:\/\/balatoni-hajoberles.hu\/en\/wp-json\/wp\/v2\/media?parent=1674"}],"curies":[{"name":"wp","href":"https:\/\/api.w.org\/{rel}","templated":true}]}}