{"id":111,"date":"2020-02-18T17:43:54","date_gmt":"2020-02-18T16:43:54","guid":{"rendered":"http:\/\/balatoni-hajoberles.hu\/fooldal\/"},"modified":"2021-07-16T10:56:16","modified_gmt":"2021-07-16T08:56:16","slug":"fooldal","status":"publish","type":"page","link":"https:\/\/balatoni-hajoberles.hu\/en\/","title":{"rendered":"Sailboat Charter On Lake Balaton With Online Booking"},"content":{"rendered":"\n\n\t<section class=\"section\" id=\"section_1540876278\">\n\t\t<div class=\"section-bg fill\" >\n\t\t\t\t\t\t\t\t\t\n\t\t\t\n\n\t\t<\/div>\n\n\t\t\n\n\t\t<div class=\"section-content relative\">\n\t\t\t\n\n<div class=\"row\"  id=\"row-2023937526\">\r\n\r\n\n\t<div id=\"col-2025252619\" class=\"col small-12 large-12\"  >\n\t\t\t\t<div class=\"col-inner\"  >\n\t\t\t\n\t\t\t\r\n\r\n\n  <div class=\"banner has-hover bg-zoom\" id=\"banner-967193152\">\n          <div class=\"banner-inner fill\">\n        <div class=\"banner-bg fill\" >\n            <img loading=\"lazy\" decoding=\"async\" width=\"1200\" height=\"628\" src=\"https:\/\/balatoni-hajoberles.hu\/wp-content\/uploads\/2020\/02\/banner-vitorlas.jpg\" class=\"bg attachment-original size-original\" alt=\"Haj\u00f3b\u00e9rl\u00e9s, haj\u00f3 b\u00e9rl\u00e9s Balaton - F\u00fcredYacht Charter\" \/>                        <div class=\"overlay\"><\/div>            \n                    <\/div>\n\t\t\n        <div class=\"banner-layers container\">\n            <a class=\"fill\" href=\"\/en\/fleet\/\"><div class=\"fill banner-link\"><\/div><\/a>            \r\n\r\n   <div id=\"text-box-1351336167\" class=\"text-box banner-layer x10 md-x10 lg-x10 y15 md-y15 lg-y15 res-text\">\n                                <div class=\"text-box-content text dark\">\n              \n              <div class=\"text-inner text-left\">\n                  \r\n\r\n<h1 class=\"uppercase wb-hover\"><a href=\"\/en\/fleet\/\"><span style=\"font-size: 150%;\">Sailboat Charter On Lake Balaton<\/span><\/a><\/h1>\r\n<p class=\"alt-font\"><span style=\"font-size: 120%;\">Sail on Lake Balaton even on the latest models<\/span><\/p>\r\n<a href=\"\/en\/fleet\/\" class=\"button white is-outline\" >\n\t\t<span>Discover now<\/span>\n\t<\/a>\n\r\n\r\n\r\n              <\/div>\n           <\/div>\n                            \n<style>\n#text-box-1351336167 {\n  width: 71%;\n}\n#text-box-1351336167 .text-box-content {\n  font-size: 100%;\n}\n<\/style>\n    <\/div>\n \r\n\r\n        <\/div>\n      <\/div>\n\n            \n<style>\n#banner-967193152 {\n  padding-top: 500px;\n  background-color: rgb(255, 255, 255);\n}\n#banner-967193152 .overlay {\n  background-color: rgba(54, 151, 194, 0.3);\n}\n#banner-967193152 .banner-bg img {\n  object-position: 57% 52%;\n}\n<\/style>\n  <\/div>\n\n\r\n\r\n\t\t<\/div>\n\t\t\t\t\t<\/div>\n\n\t\r\n\r\n<\/div>\n\n<div class=\"row\"  id=\"row-275836215\">\r\n\r\n\n\t<div id=\"col-578465905\" class=\"col medium-6 small-12 large-6\"  >\n\t\t\t\t<div class=\"col-inner\"  >\n\t\t\t\n\t\t\t\r\n\r\n\n  <div class=\"banner has-hover bg-zoom\" id=\"banner-1066078779\">\n          <div class=\"banner-inner fill\">\n        <div class=\"banner-bg fill\" >\n            <img loading=\"lazy\" decoding=\"async\" width=\"1200\" height=\"628\" src=\"https:\/\/balatoni-hajoberles.hu\/wp-content\/uploads\/2020\/02\/banner-vitorlas3.jpg\" class=\"bg attachment-original size-original\" alt=\"Haj\u00f3b\u00e9rl\u00e9s, haj\u00f3 b\u00e9rl\u00e9s Balaton - F\u00fcredYacht Charter\" \/>                        <div class=\"overlay\"><\/div>            \n                    <\/div>\n\t\t\n        <div class=\"banner-layers container\">\n            <a class=\"fill\" href=\"\/en\/cruises\/\"><div class=\"fill banner-link\"><\/div><\/a>            \r\n\r\n   <div id=\"text-box-113655447\" class=\"text-box banner-layer x10 md-x10 lg-x10 y20 md-y20 lg-y20 res-text\">\n                                <div class=\"text-box-content text dark\">\n              \n              <div class=\"text-inner text-left\">\n                  \r\n\r\n<h2 class=\"uppercase wb-hover\"><a href=\"\/en\/cruises\/\"><span style=\"font-size: 170%;\">Sailing Cruises<\/span><\/a><\/h2>\r\n<p class=\"alt-font\"><span style=\"font-size: 140%;\">The thousand faces of Lake Balaton<\/span><\/p>\r\n<a href=\"\/en\/cruises\/\" class=\"button white is-outline is-xlarge\" >\n\t\t<span>Discover now<\/span>\n\t<\/a>\n\r\n\r\n\r\n              <\/div>\n           <\/div>\n                            \n<style>\n#text-box-113655447 {\n  width: 71%;\n}\n#text-box-113655447 .text-box-content {\n  font-size: 100%;\n}\n<\/style>\n    <\/div>\n \r\n\r\n        <\/div>\n      <\/div>\n\n            \n<style>\n#banner-1066078779 {\n  padding-top: 50%;\n  background-color: rgb(255, 255, 255);\n}\n#banner-1066078779 .overlay {\n  background-color: rgba(54, 151, 194, 0.3);\n}\n#banner-1066078779 .banner-bg img {\n  object-position: 50% 57%;\n}\n<\/style>\n  <\/div>\n\n\r\n\r\n\t\t<\/div>\n\t\t\t\t\t<\/div>\n\n\t\r\n\n\t<div id=\"col-11546010\" class=\"col medium-6 small-12 large-6\"  >\n\t\t\t\t<div class=\"col-inner\"  >\n\t\t\t\n\t\t\t\r\n\r\n\n  <div class=\"banner has-hover bg-zoom\" id=\"banner-590201031\">\n          <div class=\"banner-inner fill\">\n        <div class=\"banner-bg fill\" >\n            <img loading=\"lazy\" decoding=\"async\" width=\"1200\" height=\"628\" src=\"https:\/\/balatoni-hajoberles.hu\/wp-content\/uploads\/2020\/02\/banner-ehajo-1.jpg\" class=\"bg attachment-original size-original\" alt=\"Haj\u00f3b\u00e9rl\u00e9s, haj\u00f3 b\u00e9rl\u00e9s Balaton - F\u00fcredYacht Charter\" \/>                        <div class=\"overlay\"><\/div>            \n                    <\/div>\n\t\t\n        <div class=\"banner-layers container\">\n            <a class=\"fill\" href=\"\/en\/e-boat-charter\/\"><div class=\"fill banner-link\"><\/div><\/a>            \r\n\r\n   <div id=\"text-box-2024378527\" class=\"text-box banner-layer x10 md-x10 lg-x10 y20 md-y20 lg-y20 res-text\">\n                                <div class=\"text-box-content text dark\">\n              \n              <div class=\"text-inner text-left\">\n                  \r\n\r\n<h2 class=\"uppercase wb-hover\"><a href=\"\/en\/e-boat-charter\/\"><span style=\"font-size: 170%;\">E-Boat Charter<\/span><\/a><\/h2>\r\n<p class=\"alt-font\"><span style=\"font-size: 140%;\">Enjoy the water and the sunshine<\/span><\/p>\r\n<a href=\"\/en\/e-boat-charter\/\" class=\"button white is-outline is-xlarge\" >\n\t\t<span>Discover now<\/span>\n\t<\/a>\n\r\n\r\n\r\n              <\/div>\n           <\/div>\n                            \n<style>\n#text-box-2024378527 {\n  width: 71%;\n}\n#text-box-2024378527 .text-box-content {\n  font-size: 100%;\n}\n<\/style>\n    <\/div>\n \r\n\r\n        <\/div>\n      <\/div>\n\n            \n<style>\n#banner-590201031 {\n  padding-top: 50%;\n  background-color: rgb(255, 255, 255);\n}\n#banner-590201031 .overlay {\n  background-color: rgba(54, 151, 194, 0.3);\n}\n#banner-590201031 .banner-bg img {\n  object-position: 50% 57%;\n}\n<\/style>\n  <\/div>\n\n\r\n\r\n\t\t<\/div>\n\t\t\t\t\t<\/div>\n\n\t\r\n\r\n<\/div>\n\n\t<div id=\"gap-1802506013\" class=\"gap-element clearfix\" style=\"display:block; height:auto;\">\n\t\t\n<style>\n#gap-1802506013 {\n  padding-top: 60px;\n}\n<\/style>\n\t<\/div>\n\t\n\n<div class=\"row\"  id=\"row-2140468323\">\n\n\n\t<div id=\"col-1962289269\" class=\"col medium-8 small-12 large-8\"  >\n\t\t\t\t<div class=\"col-inner\"  >\n\t\t\t\n\t\t\t\n\n<h3><span style=\"font-size: 100%;\">A trademark of reliable and high-quality sailing since 2008<\/span><\/h3>\n<p class=\"alt-font\"><span style=\"color: #1e1e1e; font-size: 130%;\">We at F\u00fcredyacht Charter have been working hard since 2008 to ensure that as many people as possible could enjoy sailing on Lake Balaton on the best boats and under the best conditions. We are more for them than a simple charter provider. <span style=\"color: #ff3465;\">It&#8217;s more of a friendship.<\/span><\/span><\/p>\n\n\t\t<\/div>\n\t\t\t\t\t<\/div>\n\n\t\n\n\t<div id=\"col-1882276009\" class=\"col medium-4 small-12 large-4\"  >\n\t\t\t\t<div class=\"col-inner\"  >\n\t\t\t\n\t\t\t\n\n\n\t\t<\/div>\n\t\t\t\t\t<\/div>\n\n\t\n\n<\/div>\n<div class=\"row\"  id=\"row-1265607814\">\n\n\n\t<div id=\"col-1682093249\" class=\"col small-12 large-12\"  >\n\t\t\t\t<div class=\"col-inner\"  >\n\t\t\t\n\t\t\t\n\n\n  <div class=\"banner has-hover\" id=\"banner-76359981\">\n          <div class=\"banner-inner fill\">\n        <div class=\"banner-bg fill\" >\n                        \t<div class=\"video-overlay no-click fill\"><\/div>\n\t<div id=\"ytplayer-74\" class=\"ux-youtube fill object-fit visible\" data-videoid=\"HT-6D_B7ReE\" data-loop=\"1\" data-audio=\"0\"><\/div>\n                        \n                    <\/div>\n\t\t\n        <div class=\"banner-layers container\">\n            <div class=\"fill banner-link\"><\/div>            \n\n   <div id=\"text-box-989795076\" class=\"text-box banner-layer x100 md-x100 lg-x100 y0 md-y0 lg-y0 res-text\">\n                                <div class=\"text-box-content text dark\">\n              \n              <div class=\"text-inner text-center\">\n                  \n\n<a href=\"https:\/\/www.youtube.com\/watch?v=HT-6D_B7ReE\" class=\"button primary is-link\" >\n\t\t<span>\u25ba Play video with sound<\/span>\n\t<\/a>\n\n\n\n              <\/div>\n           <\/div>\n                            \n<style>\n#text-box-989795076 {\n  width: 30%;\n}\n#text-box-989795076 .text-box-content {\n  font-size: 100%;\n}\n<\/style>\n    <\/div>\n \n\n        <\/div>\n      <\/div>\n\n            \n<style>\n#banner-76359981 {\n  padding-top: 56.25%;\n  background-color: rgb(255, 255, 255);\n}\n<\/style>\n  <\/div>\n\n\n\n\t\t<\/div>\n\t\t\t\t\t<\/div>\n\n\t\n\n<\/div>\n<div class=\"row\"  id=\"row-373549240\">\r\n\r\n\n\t<div id=\"col-1858024073\" class=\"col medium-4 small-12 large-4\"  >\n\t\t\t\t<div class=\"col-inner\"  >\n\t\t\t\n\t\t\t\r\n\r\n<div data-src=\"https:\/\/cdn.trustindex.io\/loader.js?4291ca031a86861f685b619551\"><\/div>\r\n\r\n\t\t<\/div>\n\t\t\t\t\t<\/div>\n\n\t\r\n\n\t<div id=\"col-495059697\" class=\"col medium-4 small-12 large-4\"  >\n\t\t\t\t<div class=\"col-inner\"  >\n\t\t\t\n\t\t\t\r\n\r\n<p><div data-src=\"https:\/\/cdn.trustindex.io\/loader.js?09ee73731bfd8605475e210f8b\"><\/div><\/p>\r\n\r\n\t\t<\/div>\n\t\t\t\t\t<\/div>\n\n\t\r\n\n\t<div id=\"col-1845686182\" class=\"col medium-4 small-12 large-4\"  >\n\t\t\t\t<div class=\"col-inner\"  >\n\t\t\t\n\t\t\t\r\n\r\n<p><div data-src=\"https:\/\/cdn.trustindex.io\/loader.js?e3f2d0f3108c8627bd5197d529\"><\/div><\/p>\r\n\r\n\t\t<\/div>\n\t\t\t\t\t<\/div>\n\n\t\r\n\r\n<\/div>\n\n\t<div id=\"gap-1918318923\" class=\"gap-element clearfix\" style=\"display:block; height:auto;\">\n\t\t\n<style>\n#gap-1918318923 {\n  padding-top: 30px;\n}\n<\/style>\n\t<\/div>\n\t\n\n<div class=\"row\"  id=\"row-760337585\">\n\n\n\t<div id=\"col-633683779\" class=\"col small-12 large-12\"  >\n\t\t\t\t<div class=\"col-inner\"  >\n\t\t\t\n\t\t\t\n\n\n  <div class=\"banner has-hover bg-zoom\" id=\"banner-1467176005\">\n          <div class=\"banner-inner fill\">\n        <div class=\"banner-bg fill\" >\n            <img loading=\"lazy\" decoding=\"async\" width=\"1200\" height=\"628\" src=\"https:\/\/balatoni-hajoberles.hu\/wp-content\/uploads\/2021\/02\/banner-foglaltsag-1.jpg\" class=\"bg attachment-original size-original\" alt=\"Vitorl\u00e1sb\u00e9rl\u00e9s napt\u00e1r | F\u00fcredyacht Charter\" \/>                        <div class=\"overlay\"><\/div>            \n                    <\/div>\n\t\t\n        <div class=\"banner-layers container\">\n            <a class=\"fill\" href=\"\/en\/availability\/\"><div class=\"fill banner-link\"><\/div><\/a>            \n\n   <div id=\"text-box-1464400420\" class=\"text-box banner-layer x10 md-x10 lg-x10 y15 md-y15 lg-y15 res-text\">\n                                <div class=\"text-box-content text dark\">\n              \n              <div class=\"text-inner text-left\">\n                  \n\n<h2 class=\"uppercase wb-hover\"><a href=\"\/en\/availability\/\"><span style=\"font-size: 180%;\">Sailboat Charter Availability<\/span><\/a><\/h2>\n<a href=\"\/en\/availability\/\" class=\"button white is-outline\" >\n\t\t<span>Choose from the available boats<\/span>\n\t<\/a>\n\n\n\n              <\/div>\n           <\/div>\n                            \n<style>\n#text-box-1464400420 {\n  width: 62%;\n}\n#text-box-1464400420 .text-box-content {\n  font-size: 100%;\n}\n<\/style>\n    <\/div>\n \n\n        <\/div>\n      <\/div>\n\n            \n<style>\n#banner-1467176005 {\n  padding-top: 500px;\n  background-color: rgb(255, 255, 255);\n}\n#banner-1467176005 .overlay {\n  background-color: rgba(54, 151, 194, 0.3);\n}\n#banner-1467176005 .banner-bg img {\n  object-position: 44% 52%;\n}\n<\/style>\n  <\/div>\n\n\n\n\t\t<\/div>\n\t\t\t\t\t<\/div>\n\n\t\n\n<\/div>\n\n\t<div id=\"gap-546362415\" class=\"gap-element clearfix\" style=\"display:block; height:auto;\">\n\t\t\n<style>\n#gap-546362415 {\n  padding-top: 30px;\n}\n<\/style>\n\t<\/div>\n\t\n\n<div class=\"row\"  id=\"row-156494421\">\r\n\r\n\n\t<div id=\"col-1762418509\" class=\"col medium-4 small-12 large-4\"  >\n\t\t\t\t<div class=\"col-inner text-center\"  >\n\t\t\t\n\t\t\t\r\n\r\n<div class=\"ux-logo has-hover align-middle ux_logo inline-block\" style=\"max-width: 100%!important; width: 90px!important\"><div class=\"ux-logo-link block image-\" title=\"\" href=\"\" style=\"padding: 15px;\"><img decoding=\"async\" src=\"https:\/\/balatoni-hajoberles.hu\/wp-content\/uploads\/2020\/02\/icon-weather.svg\" title=\"\" alt=\"\" class=\"ux-logo-image block\" style=\"height:60px;\" \/><\/div><\/div>\r\n\r\n<h3>Weather Guarantee<\/h3>\r\n<p>Is the weather unsafe for the day of your rental? You don't even have to worry about that. Learn more on <a href=\"http:\/\/balatoni-hajoberles.hu\/en\/terms\/\" target=\"_blank\" rel=\"noopener noreferrer\">Terms<\/a>.<\/p>\r\n\r\n\t\t<\/div>\n\t\t\t\t\t<\/div>\n\n\t\r\n\n\t<div id=\"col-672981675\" class=\"col medium-4 small-12 large-4\"  >\n\t\t\t\t<div class=\"col-inner text-center\"  >\n\t\t\t\n\t\t\t\r\n\r\n<div class=\"ux-logo has-hover align-middle ux_logo inline-block\" style=\"max-width: 100%!important; width: 90px!important\"><div class=\"ux-logo-link block image-\" title=\"\" href=\"\" style=\"padding: 15px;\"><img decoding=\"async\" src=\"https:\/\/balatoni-hajoberles.hu\/wp-content\/uploads\/2020\/02\/icon-szechenyi-card.svg\" title=\"\" alt=\"\" class=\"ux-logo-image block\" style=\"height:60px;\" \/><\/div><\/div>\r\n\r\n<h3>Pay With Pihen\u0151k\u00e1rtya<\/h3>\r\n<p>As an official acceptance point, you can pay for your boat rental with OTP, K&amp;H, MKB Sz\u00e9chenyi Pihen\u0151k\u00e1rtya.<\/p>\r\n\r\n\t\t<\/div>\n\t\t\t\t\t<\/div>\n\n\t\r\n\n\t<div id=\"col-73171753\" class=\"col medium-4 small-12 large-4\"  >\n\t\t\t\t<div class=\"col-inner text-center\"  >\n\t\t\t\n\t\t\t\r\n\r\n<div class=\"ux-logo has-hover align-middle ux_logo inline-block\" style=\"max-width: 100%!important; width: 90px!important\"><div class=\"ux-logo-link block image-\" title=\"\" href=\"\" style=\"padding: 15px;\"><img decoding=\"async\" src=\"https:\/\/balatoni-hajoberles.hu\/wp-content\/uploads\/2020\/02\/icon-customer-service.svg\" title=\"\" alt=\"\" class=\"ux-logo-image block\" style=\"height:60px;\" \/><\/div><\/div>\r\n\r\n<h3>0-24 Call Service<\/h3>\r\n<p>You reach us by phone 24 hours a day, 7 days a week, so you can't have any problem unsolved.<\/p>\r\n\r\n\t\t<\/div>\n\t\t\t\t\t<\/div>\n\n\t\r\n\r\n<\/div>\n\n\n\t\t<\/div>\n\n\t\t\n<style>\n#section_1540876278 {\n  padding-top: 0px;\n  padding-bottom: 0px;\n}\n<\/style>\n\t<\/section>\n\t\n<div class=\"row\"  id=\"row-2106036836\">\r\n\r\n\n\t<div id=\"col-1931418565\" class=\"col small-12 large-12\"  >\n\t\t\t\t<div class=\"col-inner\"  >\n\t\t\t\n\t\t\t\r\n\r\n<div data-src=\"https:\/\/cdn.trustindex.io\/loader.js?a1156c731568864fd253b29b4e\"><\/div>\r\n\r\n\t\t<\/div>\n\t\t\t\t\t<\/div>\n\n\t\r\n\r\n<\/div>\n\n\n","protected":false},"excerpt":{"rendered":"","protected":false},"author":1,"featured_media":0,"parent":0,"menu_order":0,"comment_status":"closed","ping_status":"closed","template":"page-blank.php","meta":{"footnotes":""},"class_list":["post-111","page","type-page","status-publish","hentry"],"yoast_head":"<!-- This site is optimized with the Yoast SEO plugin v26.9 - https:\/\/yoast.com\/product\/yoast-seo-wordpress\/ -->\n<title>Sailboat Charter On Lake Balaton With Online Booking - F\u00fcredyacht Charter<\/title>\n<meta name=\"description\" content=\"Sailboat charter on lake Balaton with online booking. Weather Guarantee, 0\/24 Customer Service, Sz\u00e9chenyi Relaxation Card payment.\" \/>\n<meta name=\"robots\" content=\"index, follow, max-snippet:-1, max-image-preview:large, max-video-preview:-1\" \/>\n<link rel=\"canonical\" href=\"https:\/\/balatoni-hajoberles.hu\/en\/\" \/>\n<meta property=\"og:locale\" content=\"en_US\" \/>\n<meta property=\"og:type\" content=\"article\" \/>\n<meta property=\"og:title\" content=\"Sailboat charter on lake Balaton with online booking - F\u00fcredyacht Charter\" \/>\n<meta property=\"og:description\" content=\"Sailboat charter on lake Balaton with online booking. Weather Guarantee, 0\/24 Customer Service, Sz\u00e9chenyi Relaxation Card payment.\" \/>\n<meta property=\"og:url\" content=\"https:\/\/balatoni-hajoberles.hu\/en\/\" \/>\n<meta property=\"og:site_name\" content=\"F\u00fcredyacht Charter\" \/>\n<meta property=\"article:modified_time\" content=\"2021-07-16T08:56:16+00:00\" \/>\n<meta property=\"og:image\" content=\"https:\/\/balatoni-hajoberles.hu\/wp-content\/uploads\/2020\/02\/banner-vitorlas.jpg\" \/>\n\t<meta property=\"og:image:width\" content=\"1200\" \/>\n\t<meta property=\"og:image:height\" content=\"628\" \/>\n\t<meta property=\"og:image:type\" content=\"image\/jpeg\" \/>\n<meta name=\"twitter:card\" content=\"summary_large_image\" \/>\n<meta name=\"twitter:title\" content=\"Sailboat charter on lake Balaton with online booking - F\u00fcredyacht Charter\" \/>\n<meta name=\"twitter:description\" content=\"Sailboat charter on lake Balaton with online booking. Weather Guarantee, 0\/24 Customer Service, Sz\u00e9chenyi Relaxation Card payment.\" \/>\n<meta name=\"twitter:image\" content=\"https:\/\/balatoni-hajoberles.hu\/wp-content\/uploads\/2020\/02\/banner-vitorlas.jpg\" \/>\n<meta name=\"twitter:label1\" content=\"Est. reading time\" \/>\n\t<meta name=\"twitter:data1\" content=\"1 minute\" \/>\n<script type=\"application\/ld+json\" class=\"yoast-schema-graph\">{\"@context\":\"https:\/\/schema.org\",\"@graph\":[{\"@type\":\"WebPage\",\"@id\":\"https:\/\/balatoni-hajoberles.hu\/en\/\",\"url\":\"https:\/\/balatoni-hajoberles.hu\/en\/\",\"name\":\"Sailboat Charter On Lake Balaton With Online Booking - F\u00fcredyacht Charter\",\"isPartOf\":{\"@id\":\"https:\/\/balatoni-hajoberles.hu\/en\/#website\"},\"datePublished\":\"2020-02-18T16:43:54+00:00\",\"dateModified\":\"2021-07-16T08:56:16+00:00\",\"description\":\"Sailboat charter on lake Balaton with online booking. Weather Guarantee, 0\/24 Customer Service, Sz\u00e9chenyi Relaxation Card payment.\",\"breadcrumb\":{\"@id\":\"https:\/\/balatoni-hajoberles.hu\/en\/#breadcrumb\"},\"inLanguage\":\"en-US\",\"potentialAction\":[{\"@type\":\"ReadAction\",\"target\":[\"https:\/\/balatoni-hajoberles.hu\/en\/\"]}]},{\"@type\":\"BreadcrumbList\",\"@id\":\"https:\/\/balatoni-hajoberles.hu\/en\/#breadcrumb\",\"itemListElement\":[{\"@type\":\"ListItem\",\"position\":1,\"name\":\"Home\",\"item\":\"https:\/\/balatoni-hajoberles.hu\/en\/\"},{\"@type\":\"ListItem\",\"position\":2,\"name\":\"Sailboat Charter On Lake Balaton With Online Booking\"}]},{\"@type\":\"WebSite\",\"@id\":\"https:\/\/balatoni-hajoberles.hu\/en\/#website\",\"url\":\"https:\/\/balatoni-hajoberles.hu\/en\/\",\"name\":\"F\u00fcredyacht Charter\",\"description\":\"Online haj\u00f3b\u00e9rl\u00e9s, vitorl\u00e1sb\u00e9rl\u00e9s a Balatonon\",\"publisher\":{\"@id\":\"https:\/\/balatoni-hajoberles.hu\/en\/#organization\"},\"potentialAction\":[{\"@type\":\"SearchAction\",\"target\":{\"@type\":\"EntryPoint\",\"urlTemplate\":\"https:\/\/balatoni-hajoberles.hu\/en\/?s={search_term_string}\"},\"query-input\":{\"@type\":\"PropertyValueSpecification\",\"valueRequired\":true,\"valueName\":\"search_term_string\"}}],\"inLanguage\":\"en-US\"},{\"@type\":\"Organization\",\"@id\":\"https:\/\/balatoni-hajoberles.hu\/en\/#organization\",\"name\":\"F\u00fcredYacht Charter\",\"url\":\"https:\/\/balatoni-hajoberles.hu\/en\/\",\"logo\":{\"@type\":\"ImageObject\",\"inLanguage\":\"en-US\",\"@id\":\"https:\/\/balatoni-hajoberles.hu\/en\/#\/schema\/logo\/image\/\",\"url\":\"https:\/\/balatoni-hajoberles.hu\/wp-content\/uploads\/2020\/02\/wc-automail-logo.png\",\"contentUrl\":\"https:\/\/balatoni-hajoberles.hu\/wp-content\/uploads\/2020\/02\/wc-automail-logo.png\",\"width\":300,\"height\":70,\"caption\":\"F\u00fcredYacht Charter\"},\"image\":{\"@id\":\"https:\/\/balatoni-hajoberles.hu\/en\/#\/schema\/logo\/image\/\"}}]}<\/script>\n<!-- \/ Yoast SEO plugin. -->","yoast_head_json":{"title":"Sailboat Charter On Lake Balaton With Online Booking - F\u00fcredyacht Charter","description":"Sailboat charter on lake Balaton with online booking. Weather Guarantee, 0\/24 Customer Service, Sz\u00e9chenyi Relaxation Card payment.","robots":{"index":"index","follow":"follow","max-snippet":"max-snippet:-1","max-image-preview":"max-image-preview:large","max-video-preview":"max-video-preview:-1"},"canonical":"https:\/\/balatoni-hajoberles.hu\/en\/","og_locale":"en_US","og_type":"article","og_title":"Sailboat charter on lake Balaton with online booking - F\u00fcredyacht Charter","og_description":"Sailboat charter on lake Balaton with online booking. Weather Guarantee, 0\/24 Customer Service, Sz\u00e9chenyi Relaxation Card payment.","og_url":"https:\/\/balatoni-hajoberles.hu\/en\/","og_site_name":"F\u00fcredyacht Charter","article_modified_time":"2021-07-16T08:56:16+00:00","og_image":[{"width":1200,"height":628,"url":"https:\/\/balatoni-hajoberles.hu\/wp-content\/uploads\/2020\/02\/banner-vitorlas.jpg","type":"image\/jpeg"}],"twitter_card":"summary_large_image","twitter_title":"Sailboat charter on lake Balaton with online booking - F\u00fcredyacht Charter","twitter_description":"Sailboat charter on lake Balaton with online booking. Weather Guarantee, 0\/24 Customer Service, Sz\u00e9chenyi Relaxation Card payment.","twitter_image":"https:\/\/balatoni-hajoberles.hu\/wp-content\/uploads\/2020\/02\/banner-vitorlas.jpg","twitter_misc":{"Est. reading time":"1 minute"},"schema":{"@context":"https:\/\/schema.org","@graph":[{"@type":"WebPage","@id":"https:\/\/balatoni-hajoberles.hu\/en\/","url":"https:\/\/balatoni-hajoberles.hu\/en\/","name":"Sailboat Charter On Lake Balaton With Online Booking - F\u00fcredyacht Charter","isPartOf":{"@id":"https:\/\/balatoni-hajoberles.hu\/en\/#website"},"datePublished":"2020-02-18T16:43:54+00:00","dateModified":"2021-07-16T08:56:16+00:00","description":"Sailboat charter on lake Balaton with online booking. Weather Guarantee, 0\/24 Customer Service, Sz\u00e9chenyi Relaxation Card payment.","breadcrumb":{"@id":"https:\/\/balatoni-hajoberles.hu\/en\/#breadcrumb"},"inLanguage":"en-US","potentialAction":[{"@type":"ReadAction","target":["https:\/\/balatoni-hajoberles.hu\/en\/"]}]},{"@type":"BreadcrumbList","@id":"https:\/\/balatoni-hajoberles.hu\/en\/#breadcrumb","itemListElement":[{"@type":"ListItem","position":1,"name":"Home","item":"https:\/\/balatoni-hajoberles.hu\/en\/"},{"@type":"ListItem","position":2,"name":"Sailboat Charter On Lake Balaton With Online Booking"}]},{"@type":"WebSite","@id":"https:\/\/balatoni-hajoberles.hu\/en\/#website","url":"https:\/\/balatoni-hajoberles.hu\/en\/","name":"F\u00fcredyacht Charter","description":"Online haj\u00f3b\u00e9rl\u00e9s, vitorl\u00e1sb\u00e9rl\u00e9s a Balatonon","publisher":{"@id":"https:\/\/balatoni-hajoberles.hu\/en\/#organization"},"potentialAction":[{"@type":"SearchAction","target":{"@type":"EntryPoint","urlTemplate":"https:\/\/balatoni-hajoberles.hu\/en\/?s={search_term_string}"},"query-input":{"@type":"PropertyValueSpecification","valueRequired":true,"valueName":"search_term_string"}}],"inLanguage":"en-US"},{"@type":"Organization","@id":"https:\/\/balatoni-hajoberles.hu\/en\/#organization","name":"F\u00fcredYacht Charter","url":"https:\/\/balatoni-hajoberles.hu\/en\/","logo":{"@type":"ImageObject","inLanguage":"en-US","@id":"https:\/\/balatoni-hajoberles.hu\/en\/#\/schema\/logo\/image\/","url":"https:\/\/balatoni-hajoberles.hu\/wp-content\/uploads\/2020\/02\/wc-automail-logo.png","contentUrl":"https:\/\/balatoni-hajoberles.hu\/wp-content\/uploads\/2020\/02\/wc-automail-logo.png","width":300,"height":70,"caption":"F\u00fcredYacht Charter"},"image":{"@id":"https:\/\/balatoni-hajoberles.hu\/en\/#\/schema\/logo\/image\/"}}]}},"_links":{"self":[{"href":"https:\/\/balatoni-hajoberles.hu\/en\/wp-json\/wp\/v2\/pages\/111","targetHints":{"allow":["GET"]}}],"collection":[{"href":"https:\/\/balatoni-hajoberles.hu\/en\/wp-json\/wp\/v2\/pages"}],"about":[{"href":"https:\/\/balatoni-hajoberles.hu\/en\/wp-json\/wp\/v2\/types\/page"}],"author":[{"embeddable":true,"href":"https:\/\/balatoni-hajoberles.hu\/en\/wp-json\/wp\/v2\/users\/1"}],"replies":[{"embeddable":true,"href":"https:\/\/balatoni-hajoberles.hu\/en\/wp-json\/wp\/v2\/comments?post=111"}],"version-history":[{"count":12,"href":"https:\/\/balatoni-hajoberles.hu\/en\/wp-json\/wp\/v2\/pages\/111\/revisions"}],"predecessor-version":[{"id":6872,"href":"https:\/\/balatoni-hajoberles.hu\/en\/wp-json\/wp\/v2\/pages\/111\/revisions\/6872"}],"wp:attachment":[{"href":"https:\/\/balatoni-hajoberles.hu\/en\/wp-json\/wp\/v2\/media?parent=111"}],"curies":[{"name":"wp","href":"https:\/\/api.w.org\/{rel}","templated":true}]}}